{"id":9888,"date":"2023-02-27T16:19:34","date_gmt":"2023-02-27T19:19:34","guid":{"rendered":"https:\/\/mundor.com.br\/blog\/loginpress\/"},"modified":"2023-02-27T16:19:34","modified_gmt":"2023-02-27T19:19:34","slug":"loginpress","status":"publish","type":"page","link":"https:\/\/mundor.com.br\/blog\/loginpress\/","title":{"rendered":"LoginPress"},"content":{"rendered":"<p> Esta p\u00e1gina \u00e9 usada por LoginPress para visualizar a p\u00e1gina de login no Persnonalizador. <\/p>\n","protected":false},"excerpt":{"rendered":"<p>Esta p\u00e1gina \u00e9 usada por LoginPress para visualizar a p\u00e1gina de login no Persnonalizador.<\/p>\n","protected":false},"author":1,"featured_media":0,"parent":0,"menu_order":0,"comment_status":"closed","ping_status":"closed","template":"template-loginpress.php","meta":{"pmpro_default_level":""},"acf":[],"yoast_head":"<!-- This site is optimized with the Yoast SEO plugin v19.6.1 - https:\/\/yoast.com\/wordpress\/plugins\/seo\/ -->\n<title>LoginPress - Portal de Not\u00edcias<\/title>\n<meta name=\"robots\" content=\"index, follow, max-snippet:-1, max-image-preview:large, max-video-preview:-1\" \/>\n<link rel=\"canonical\" href=\"https:\/\/mundor.com.br\/blog\/loginpress\/\" \/>\n<meta property=\"og:locale\" content=\"pt_BR\" \/>\n<meta property=\"og:type\" content=\"article\" \/>\n<meta property=\"og:title\" content=\"LoginPress - Portal de Not\u00edcias\" \/>\n<meta property=\"og:description\" content=\"Esta p\u00e1gina \u00e9 usada por LoginPress para visualizar a p\u00e1gina de login no Persnonalizador.\" \/>\n<meta property=\"og:url\" content=\"https:\/\/mundor.com.br\/blog\/loginpress\/\" \/>\n<meta property=\"og:site_name\" content=\"Portal de Not\u00edcias\" \/>\n<meta name=\"twitter:card\" content=\"summary_large_image\" \/>\n<script type=\"application\/ld+json\" class=\"yoast-schema-graph\">{\"@context\":\"https:\/\/schema.org\",\"@graph\":[{\"@type\":\"WebPage\",\"@id\":\"https:\/\/mundor.com.br\/blog\/loginpress\/\",\"url\":\"https:\/\/mundor.com.br\/blog\/loginpress\/\",\"name\":\"LoginPress - Portal de Not\u00edcias\",\"isPartOf\":{\"@id\":\"https:\/\/mundor.com.br\/blog\/#website\"},\"datePublished\":\"2023-02-27T19:19:34+00:00\",\"dateModified\":\"2023-02-27T19:19:34+00:00\",\"breadcrumb\":{\"@id\":\"https:\/\/mundor.com.br\/blog\/loginpress\/#breadcrumb\"},\"inLanguage\":\"pt-BR\",\"potentialAction\":[{\"@type\":\"ReadAction\",\"target\":[\"https:\/\/mundor.com.br\/blog\/loginpress\/\"]}]},{\"@type\":\"BreadcrumbList\",\"@id\":\"https:\/\/mundor.com.br\/blog\/loginpress\/#breadcrumb\",\"itemListElement\":[{\"@type\":\"ListItem\",\"position\":1,\"name\":\"In\u00edcio\",\"item\":\"https:\/\/mundor.com.br\/blog\/\"},{\"@type\":\"ListItem\",\"position\":2,\"name\":\"LoginPress\"}]},{\"@type\":\"WebSite\",\"@id\":\"https:\/\/mundor.com.br\/blog\/#website\",\"url\":\"https:\/\/mundor.com.br\/blog\/\",\"name\":\"Portal de Not\u00edcias\",\"description\":\"Um mundo de informa\u00e7\u00f5es para o segmento de alimenta\u00e7\u00e3o\",\"potentialAction\":[{\"@type\":\"SearchAction\",\"target\":{\"@type\":\"EntryPoint\",\"urlTemplate\":\"https:\/\/mundor.com.br\/blog\/?s={search_term_string}\"},\"query-input\":\"required name=search_term_string\"}],\"inLanguage\":\"pt-BR\"}]}<\/script>\n<!-- \/ Yoast SEO plugin. -->","yoast_head_json":{"title":"LoginPress - Portal de Not\u00edcias","robots":{"index":"index","follow":"follow","max-snippet":"max-snippet:-1","max-image-preview":"max-image-preview:large","max-video-preview":"max-video-preview:-1"},"canonical":"https:\/\/mundor.com.br\/blog\/loginpress\/","og_locale":"pt_BR","og_type":"article","og_title":"LoginPress - Portal de Not\u00edcias","og_description":"Esta p\u00e1gina \u00e9 usada por LoginPress para visualizar a p\u00e1gina de login no Persnonalizador.","og_url":"https:\/\/mundor.com.br\/blog\/loginpress\/","og_site_name":"Portal de Not\u00edcias","twitter_card":"summary_large_image","schema":{"@context":"https:\/\/schema.org","@graph":[{"@type":"WebPage","@id":"https:\/\/mundor.com.br\/blog\/loginpress\/","url":"https:\/\/mundor.com.br\/blog\/loginpress\/","name":"LoginPress - Portal de Not\u00edcias","isPartOf":{"@id":"https:\/\/mundor.com.br\/blog\/#website"},"datePublished":"2023-02-27T19:19:34+00:00","dateModified":"2023-02-27T19:19:34+00:00","breadcrumb":{"@id":"https:\/\/mundor.com.br\/blog\/loginpress\/#breadcrumb"},"inLanguage":"pt-BR","potentialAction":[{"@type":"ReadAction","target":["https:\/\/mundor.com.br\/blog\/loginpress\/"]}]},{"@type":"BreadcrumbList","@id":"https:\/\/mundor.com.br\/blog\/loginpress\/#breadcrumb","itemListElement":[{"@type":"ListItem","position":1,"name":"In\u00edcio","item":"https:\/\/mundor.com.br\/blog\/"},{"@type":"ListItem","position":2,"name":"LoginPress"}]},{"@type":"WebSite","@id":"https:\/\/mundor.com.br\/blog\/#website","url":"https:\/\/mundor.com.br\/blog\/","name":"Portal de Not\u00edcias","description":"Um mundo de informa\u00e7\u00f5es para o segmento de alimenta\u00e7\u00e3o","potentialAction":[{"@type":"SearchAction","target":{"@type":"EntryPoint","urlTemplate":"https:\/\/mundor.com.br\/blog\/?s={search_term_string}"},"query-input":"required name=search_term_string"}],"inLanguage":"pt-BR"}]}},"_links":{"self":[{"href":"https:\/\/mundor.com.br\/blog\/wp-json\/wp\/v2\/pages\/9888"}],"collection":[{"href":"https:\/\/mundor.com.br\/blog\/wp-json\/wp\/v2\/pages"}],"about":[{"href":"https:\/\/mundor.com.br\/blog\/wp-json\/wp\/v2\/types\/page"}],"author":[{"embeddable":true,"href":"https:\/\/mundor.com.br\/blog\/wp-json\/wp\/v2\/users\/1"}],"replies":[{"embeddable":true,"href":"https:\/\/mundor.com.br\/blog\/wp-json\/wp\/v2\/comments?post=9888"}],"version-history":[{"count":0,"href":"https:\/\/mundor.com.br\/blog\/wp-json\/wp\/v2\/pages\/9888\/revisions"}],"wp:attachment":[{"href":"https:\/\/mundor.com.br\/blog\/wp-json\/wp\/v2\/media?parent=9888"}],"curies":[{"name":"wp","href":"https:\/\/api.w.org\/{rel}","templated":true}]}}