{"id":8166,"date":"2022-03-16T13:38:49","date_gmt":"2022-03-16T16:38:49","guid":{"rendered":"http:\/\/localhost\/blog\/conta-de-associacao\/niveis-de-associacao\/"},"modified":"2022-03-16T13:38:49","modified_gmt":"2022-03-16T16:38:49","slug":"niveis-de-associacao","status":"publish","type":"page","link":"https:\/\/mundor.com.br\/blog\/conta-de-associacao\/niveis-de-associacao\/","title":{"rendered":"N\u00edveis de associa\u00e7\u00e3o"},"content":{"rendered":"<p>[pmpro_levels]<\/p>\n","protected":false},"excerpt":{"rendered":"<p>[pmpro_levels]<\/p>\n","protected":false},"author":1,"featured_media":0,"parent":8160,"menu_order":0,"comment_status":"closed","ping_status":"closed","template":"","meta":{"pmpro_default_level":""},"acf":[],"yoast_head":"<!-- This site is optimized with the Yoast SEO plugin v19.6.1 - https:\/\/yoast.com\/wordpress\/plugins\/seo\/ -->\n<title>N\u00edveis de associa\u00e7\u00e3o - Portal de Not\u00edcias<\/title>\n<meta name=\"robots\" content=\"index, follow, max-snippet:-1, max-image-preview:large, max-video-preview:-1\" \/>\n<link rel=\"canonical\" href=\"https:\/\/mundor.com.br\/blog\/conta-de-associacao\/niveis-de-associacao\/\" \/>\n<meta property=\"og:locale\" content=\"pt_BR\" \/>\n<meta property=\"og:type\" content=\"article\" \/>\n<meta property=\"og:title\" content=\"N\u00edveis de associa\u00e7\u00e3o - Portal de Not\u00edcias\" \/>\n<meta property=\"og:description\" content=\"[pmpro_levels]\" \/>\n<meta property=\"og:url\" content=\"https:\/\/mundor.com.br\/blog\/conta-de-associacao\/niveis-de-associacao\/\" \/>\n<meta property=\"og:site_name\" content=\"Portal de Not\u00edcias\" \/>\n<meta name=\"twitter:card\" content=\"summary_large_image\" \/>\n<script type=\"application\/ld+json\" class=\"yoast-schema-graph\">{\"@context\":\"https:\/\/schema.org\",\"@graph\":[{\"@type\":\"WebPage\",\"@id\":\"https:\/\/mundor.com.br\/blog\/conta-de-associacao\/niveis-de-associacao\/\",\"url\":\"https:\/\/mundor.com.br\/blog\/conta-de-associacao\/niveis-de-associacao\/\",\"name\":\"N\u00edveis de associa\u00e7\u00e3o - Portal de Not\u00edcias\",\"isPartOf\":{\"@id\":\"https:\/\/mundor.com.br\/blog\/#website\"},\"datePublished\":\"2022-03-16T16:38:49+00:00\",\"dateModified\":\"2022-03-16T16:38:49+00:00\",\"breadcrumb\":{\"@id\":\"https:\/\/mundor.com.br\/blog\/conta-de-associacao\/niveis-de-associacao\/#breadcrumb\"},\"inLanguage\":\"pt-BR\",\"potentialAction\":[{\"@type\":\"ReadAction\",\"target\":[\"https:\/\/mundor.com.br\/blog\/conta-de-associacao\/niveis-de-associacao\/\"]}]},{\"@type\":\"BreadcrumbList\",\"@id\":\"https:\/\/mundor.com.br\/blog\/conta-de-associacao\/niveis-de-associacao\/#breadcrumb\",\"itemListElement\":[{\"@type\":\"ListItem\",\"position\":1,\"name\":\"In\u00edcio\",\"item\":\"https:\/\/mundor.com.br\/blog\/\"},{\"@type\":\"ListItem\",\"position\":2,\"name\":\"Conta de associa\u00e7\u00e3o\",\"item\":\"https:\/\/mundor.com.br\/blog\/conta-de-associacao\/\"},{\"@type\":\"ListItem\",\"position\":3,\"name\":\"N\u00edveis de associa\u00e7\u00e3o\"}]},{\"@type\":\"WebSite\",\"@id\":\"https:\/\/mundor.com.br\/blog\/#website\",\"url\":\"https:\/\/mundor.com.br\/blog\/\",\"name\":\"Portal de Not\u00edcias\",\"description\":\"Um mundo de informa\u00e7\u00f5es para o segmento de alimenta\u00e7\u00e3o\",\"potentialAction\":[{\"@type\":\"SearchAction\",\"target\":{\"@type\":\"EntryPoint\",\"urlTemplate\":\"https:\/\/mundor.com.br\/blog\/?s={search_term_string}\"},\"query-input\":\"required name=search_term_string\"}],\"inLanguage\":\"pt-BR\"}]}<\/script>\n<!-- \/ Yoast SEO plugin. -->","yoast_head_json":{"title":"N\u00edveis de associa\u00e7\u00e3o - Portal de Not\u00edcias","robots":{"index":"index","follow":"follow","max-snippet":"max-snippet:-1","max-image-preview":"max-image-preview:large","max-video-preview":"max-video-preview:-1"},"canonical":"https:\/\/mundor.com.br\/blog\/conta-de-associacao\/niveis-de-associacao\/","og_locale":"pt_BR","og_type":"article","og_title":"N\u00edveis de associa\u00e7\u00e3o - Portal de Not\u00edcias","og_description":"[pmpro_levels]","og_url":"https:\/\/mundor.com.br\/blog\/conta-de-associacao\/niveis-de-associacao\/","og_site_name":"Portal de Not\u00edcias","twitter_card":"summary_large_image","schema":{"@context":"https:\/\/schema.org","@graph":[{"@type":"WebPage","@id":"https:\/\/mundor.com.br\/blog\/conta-de-associacao\/niveis-de-associacao\/","url":"https:\/\/mundor.com.br\/blog\/conta-de-associacao\/niveis-de-associacao\/","name":"N\u00edveis de associa\u00e7\u00e3o - Portal de Not\u00edcias","isPartOf":{"@id":"https:\/\/mundor.com.br\/blog\/#website"},"datePublished":"2022-03-16T16:38:49+00:00","dateModified":"2022-03-16T16:38:49+00:00","breadcrumb":{"@id":"https:\/\/mundor.com.br\/blog\/conta-de-associacao\/niveis-de-associacao\/#breadcrumb"},"inLanguage":"pt-BR","potentialAction":[{"@type":"ReadAction","target":["https:\/\/mundor.com.br\/blog\/conta-de-associacao\/niveis-de-associacao\/"]}]},{"@type":"BreadcrumbList","@id":"https:\/\/mundor.com.br\/blog\/conta-de-associacao\/niveis-de-associacao\/#breadcrumb","itemListElement":[{"@type":"ListItem","position":1,"name":"In\u00edcio","item":"https:\/\/mundor.com.br\/blog\/"},{"@type":"ListItem","position":2,"name":"Conta de associa\u00e7\u00e3o","item":"https:\/\/mundor.com.br\/blog\/conta-de-associacao\/"},{"@type":"ListItem","position":3,"name":"N\u00edveis de associa\u00e7\u00e3o"}]},{"@type":"WebSite","@id":"https:\/\/mundor.com.br\/blog\/#website","url":"https:\/\/mundor.com.br\/blog\/","name":"Portal de Not\u00edcias","description":"Um mundo de informa\u00e7\u00f5es para o segmento de alimenta\u00e7\u00e3o","potentialAction":[{"@type":"SearchAction","target":{"@type":"EntryPoint","urlTemplate":"https:\/\/mundor.com.br\/blog\/?s={search_term_string}"},"query-input":"required name=search_term_string"}],"inLanguage":"pt-BR"}]}},"_links":{"self":[{"href":"https:\/\/mundor.com.br\/blog\/wp-json\/wp\/v2\/pages\/8166"}],"collection":[{"href":"https:\/\/mundor.com.br\/blog\/wp-json\/wp\/v2\/pages"}],"about":[{"href":"https:\/\/mundor.com.br\/blog\/wp-json\/wp\/v2\/types\/page"}],"author":[{"embeddable":true,"href":"https:\/\/mundor.com.br\/blog\/wp-json\/wp\/v2\/users\/1"}],"replies":[{"embeddable":true,"href":"https:\/\/mundor.com.br\/blog\/wp-json\/wp\/v2\/comments?post=8166"}],"version-history":[{"count":0,"href":"https:\/\/mundor.com.br\/blog\/wp-json\/wp\/v2\/pages\/8166\/revisions"}],"up":[{"embeddable":true,"href":"https:\/\/mundor.com.br\/blog\/wp-json\/wp\/v2\/pages\/8160"}],"wp:attachment":[{"href":"https:\/\/mundor.com.br\/blog\/wp-json\/wp\/v2\/media?parent=8166"}],"curies":[{"name":"wp","href":"https:\/\/api.w.org\/{rel}","templated":true}]}}