{"id":753,"date":"2021-10-25T11:04:16","date_gmt":"2021-10-25T11:04:16","guid":{"rendered":"http:\/\/localhost\/blog\/?page_id=753"},"modified":"2022-02-24T10:26:15","modified_gmt":"2022-02-24T13:26:15","slug":"about-us","status":"publish","type":"page","link":"https:\/\/mundor.com.br\/blog\/about-us\/","title":{"rendered":"Sobre n\u00f3s"},"content":{"rendered":"\t\t<div data-elementor-type=\"wp-page\" data-elementor-id=\"753\" class=\"elementor elementor-753\">\n\t\t\t\t\t\t\t\t\t<section class=\"elementor-section elementor-top-section elementor-element elementor-element-e457995 elementor-section-boxed elementor-section-height-default elementor-section-height-default rt-parallax-bg-no\" data-id=\"e457995\" data-element_type=\"section\">\n\t\t\t\t\t\t<div class=\"elementor-container elementor-column-gap-default\">\n\t\t\t\t\t<div class=\"elementor-column elementor-col-50 elementor-top-column elementor-element elementor-element-636d35a\" data-id=\"636d35a\" data-element_type=\"column\">\n\t\t\t<div class=\"elementor-widget-wrap elementor-element-populated\">\n\t\t\t\t\t\t\t\t<div class=\"elementor-element elementor-element-522409b elementor-invisible elementor-widget elementor-widget-rt-image\" data-id=\"522409b\" data-element_type=\"widget\" data-widget_type=\"rt-image.default\">\n\t\t\t\t<div class=\"elementor-widget-container\">\n\t\t\t\n<div class=\"rt-image-default motion-effects rt-image-style2\">\n\t<div class=\"rt-image\">\n\t\t<ul class=\"rt-img-list\">\n\t\t  <li class=\"item item-1 wow fadeInLeft\" data-wow-delay=\".3s\" data-wow-duration=\"800ms\">\n\t\t\t<img width=\"551\" height=\"630\" src=\"https:\/\/mundor.com.br\/blog\/wp-content\/uploads\/sites\/3\/2021\/12\/about-img_1.jpg\" class=\"attachment-full size-full wp-image-6186\" alt=\"\" loading=\"lazy\" srcset=\"https:\/\/mundor.com.br\/blog\/wp-content\/uploads\/sites\/3\/2021\/12\/about-img_1.jpg 551w, https:\/\/mundor.com.br\/blog\/wp-content\/uploads\/sites\/3\/2021\/12\/about-img_1-262x300.jpg 262w, https:\/\/mundor.com.br\/blog\/wp-content\/uploads\/sites\/3\/2021\/12\/about-img_1-450x515.jpg 450w, https:\/\/mundor.com.br\/blog\/wp-content\/uploads\/sites\/3\/2021\/12\/about-img_1-137x157.jpg 137w\" sizes=\"(max-width: 551px) 100vw, 551px\" \/>\t\t  <\/li>\n\t\t  <li class=\"item item-2 wow fadeInDown\" data-wow-delay=\".5s\" data-wow-duration=\"800ms\">\n\t\t\t<img width=\"551\" height=\"555\" src=\"https:\/\/mundor.com.br\/blog\/wp-content\/uploads\/sites\/3\/2021\/12\/about-img_2.jpg\" class=\"attachment-full size-full wp-image-6187\" alt=\"\" loading=\"lazy\" srcset=\"https:\/\/mundor.com.br\/blog\/wp-content\/uploads\/sites\/3\/2021\/12\/about-img_2.jpg 551w, https:\/\/mundor.com.br\/blog\/wp-content\/uploads\/sites\/3\/2021\/12\/about-img_2-150x150.jpg 150w, https:\/\/mundor.com.br\/blog\/wp-content\/uploads\/sites\/3\/2021\/12\/about-img_2-298x300.jpg 298w, https:\/\/mundor.com.br\/blog\/wp-content\/uploads\/sites\/3\/2021\/12\/about-img_2-200x200.jpg 200w, https:\/\/mundor.com.br\/blog\/wp-content\/uploads\/sites\/3\/2021\/12\/about-img_2-155x157.jpg 155w\" sizes=\"(max-width: 551px) 100vw, 551px\" \/>\t\t  <\/li>\n\t\t  <li class=\"item item-3 wow fadeInUp\" data-wow-delay=\".7s\" data-wow-duration=\"800ms\">\n\t\t\t<img width=\"551\" height=\"320\" src=\"https:\/\/mundor.com.br\/blog\/wp-content\/uploads\/sites\/3\/2021\/12\/about-img_3.jpg\" class=\"attachment-full size-full wp-image-6188\" alt=\"\" loading=\"lazy\" srcset=\"https:\/\/mundor.com.br\/blog\/wp-content\/uploads\/sites\/3\/2021\/12\/about-img_3.jpg 551w, https:\/\/mundor.com.br\/blog\/wp-content\/uploads\/sites\/3\/2021\/12\/about-img_3-300x174.jpg 300w, https:\/\/mundor.com.br\/blog\/wp-content\/uploads\/sites\/3\/2021\/12\/about-img_3-155x90.jpg 155w\" sizes=\"(max-width: 551px) 100vw, 551px\" \/>\t\t  <\/li>\n\t\t<\/ul>\n\t\t<ul class=\"rt-shape-list\">\n\t\t  <li class=\"item item-1 motion-effects1\">\n\t\t\t<img width=\"73\" height=\"28\" src=\"https:\/\/mundor.com.br\/blog\/wp-content\/uploads\/sites\/3\/2021\/10\/element_17.png\" class=\"attachment-full size-full wp-image-784\" alt=\"\" loading=\"lazy\" \/>\t\t  <\/li>\n\t\t  <li class=\"item item-2 motion-effects1\">\n\t\t\t<img width=\"113\" height=\"104\" src=\"https:\/\/mundor.com.br\/blog\/wp-content\/uploads\/sites\/3\/2021\/10\/element_18.png\" class=\"attachment-full size-full wp-image-785\" alt=\"\" loading=\"lazy\" \/>\t\t  <\/li>\n\t\t<\/ul>\n\t<\/div>\n<\/div>\t\t<\/div>\n\t\t\t\t<\/div>\n\t\t\t\t\t<\/div>\n\t\t<\/div>\n\t\t\t\t<div class=\"elementor-column elementor-col-50 elementor-top-column elementor-element elementor-element-85f5920\" data-id=\"85f5920\" data-element_type=\"column\">\n\t\t\t<div class=\"elementor-widget-wrap elementor-element-populated\">\n\t\t\t\t\t\t\t\t<div class=\"elementor-element elementor-element-20317be elementor-invisible elementor-widget elementor-widget-rt-text-with-button\" data-id=\"20317be\" data-element_type=\"widget\" data-widget_type=\"rt-text-with-button.default\">\n\t\t\t\t<div class=\"elementor-widget-container\">\n\t\t\t<div class=\"rt-title-text-button barshow\">\n\t\t\t<div class=\"entry-subtitle hide fadeInUp\" data-wow-delay=\"1s\" data-wow-duration=\"1s\">WHO WE ARE<\/div>\n\t\t\t\t<h2 class=\"entry-title hide fadeInUp\" data-wow-delay=\"1.2s\" data-wow-duration=\"1s\">More Than 25+ Years We Provide True News\t\t\t<span class=\"title-bar\"><\/span>\t\t<\/h2>\t\t\n\t\t\n\t<div class=\"entry-content hide fadeInUp\" data-wow-delay=\"1.4s\" data-wow-duration=\"1s\"><p>Nec nascetur mus vicolor rhoncus augue quisque parturient etiam imperdet sit nisi tellus veni faucibus orcimperdiet venena nullam rhoncus curabitur monteante.<\/p><p>Nec nascetur mus vicolor rhoncus augue quisque parturient etiam imperdet sit nisi tellus veni faucibus orcimperdiet venena nullam rhoncus curabitur monteante.<\/p><\/div>\n\t    <div class=\"rt-button hide fadeInUp\" data-wow-delay=\"1.6s\" data-wow-duration=\"1s\">\n\t\t<a class=\"button-style-2 btn-common rt-animation-out\" href=\"#\">Read More<svg\n                xmlns=\"http:\/\/www.w3.org\/2000\/svg\"\n                xmlns:xlink=\"http:\/\/www.w3.org\/1999\/xlink\"\n                width=\"34px\"\n                height=\"16px\"\n                viewBox=\"0 0 34.53 16\"\n                xml:space=\"preserve\"\n              >\n                <rect\n                  class=\"rt-button-line\"\n                  y=\"7.6\"\n                  width=\"34\"\n                  height=\".4\"\n                ><\/rect>\n                <g class=\"rt-button-cap-fake\">\n                  <path\n                    class=\"rt-button-cap\"\n                    d=\"M25.83.7l.7-.7,8,8-.7.71Zm0,14.6,8-8,.71.71-8,8Z\"\n                  ><\/path>\n                <\/g>\n              <\/svg>\n          \t<\/a>\n          <\/div>\n\t<\/div>\t\t<\/div>\n\t\t\t\t<\/div>\n\t\t\t\t\t<\/div>\n\t\t<\/div>\n\t\t\t\t\t\t\t<\/div>\n\t\t<\/section>\n\t\t\t\t<section class=\"elementor-section elementor-top-section elementor-element elementor-element-f13b996 elementor-section-stretched elementor-section-boxed elementor-section-height-default elementor-section-height-default rt-parallax-bg-no\" data-id=\"f13b996\" data-element_type=\"section\" data-settings=\"{&quot;stretch_section&quot;:&quot;section-stretched&quot;,&quot;background_background&quot;:&quot;classic&quot;}\">\n\t\t\t\t\t\t<div class=\"elementor-container elementor-column-gap-default\">\n\t\t\t\t\t<div class=\"elementor-column elementor-col-50 elementor-top-column elementor-element elementor-element-1c544cb\" data-id=\"1c544cb\" data-element_type=\"column\">\n\t\t\t<div class=\"elementor-widget-wrap elementor-element-populated\">\n\t\t\t\t\t\t\t\t<div class=\"elementor-element elementor-element-033ed1d elementor-invisible elementor-widget elementor-widget-rt-text-with-button\" data-id=\"033ed1d\" data-element_type=\"widget\" data-widget_type=\"rt-text-with-button.default\">\n\t\t\t\t<div class=\"elementor-widget-container\">\n\t\t\t<div class=\"rt-title-text-button barshow\">\n\t\t\t\t<h2 class=\"entry-title hide fadeInUp\" data-wow-delay=\"1.2s\" data-wow-duration=\"1s\">We Develop &amp; Create Digital Future.\t\t\t<span class=\"title-bar\"><\/span>\t\t<\/h2>\t\t\n\t\t\n\t<div class=\"entry-content hide fadeInUp\" data-wow-delay=\"1.4s\" data-wow-duration=\"1s\"><p>Nec nascetur mus vicideolor rhoncus augue quisque parturientet imperdet sit nisi tellus veni faucibus orcimperdietenatis nullam rhoncus curabitur monteante.<\/p><\/div>\n\t<\/div>\t\t<\/div>\n\t\t\t\t<\/div>\n\t\t\t\t<div class=\"elementor-element elementor-element-36a4b87 elementor-widget elementor-widget-rt-progress-bar\" data-id=\"36a4b87\" data-element_type=\"widget\" data-widget_type=\"rt-progress-bar.default\">\n\t\t\t\t<div class=\"elementor-widget-container\">\n\t\t\t<div class=\"rt-progress-bar counter-appear\">\n\t<h3 class=\"entry-name\">Development<\/h3>\n\t<div class=\"progress\">\n\t\t<div class=\"progress-bar skill-per\" data-progress=\"69%\" style=\"height:6px; width: 69%;\"> <span>69%<\/span><\/div>\n\t<\/div>\n<\/div>\t\t<\/div>\n\t\t\t\t<\/div>\n\t\t\t\t<div class=\"elementor-element elementor-element-449191b elementor-widget elementor-widget-rt-progress-bar\" data-id=\"449191b\" data-element_type=\"widget\" data-widget_type=\"rt-progress-bar.default\">\n\t\t\t\t<div class=\"elementor-widget-container\">\n\t\t\t<div class=\"rt-progress-bar counter-appear\">\n\t<h3 class=\"entry-name\">Success<\/h3>\n\t<div class=\"progress\">\n\t\t<div class=\"progress-bar skill-per\" data-progress=\"88%\" style=\"height:6px; width: 88%;\"> <span>88%<\/span><\/div>\n\t<\/div>\n<\/div>\t\t<\/div>\n\t\t\t\t<\/div>\n\t\t\t\t<div class=\"elementor-element elementor-element-3fee403 elementor-widget elementor-widget-rt-progress-bar\" data-id=\"3fee403\" data-element_type=\"widget\" data-widget_type=\"rt-progress-bar.default\">\n\t\t\t\t<div class=\"elementor-widget-container\">\n\t\t\t<div class=\"rt-progress-bar counter-appear\">\n\t<h3 class=\"entry-name\">Finished Projects<\/h3>\n\t<div class=\"progress\">\n\t\t<div class=\"progress-bar skill-per\" data-progress=\"58%\" style=\"height:6px; width: 58%;\"> <span>58%<\/span><\/div>\n\t<\/div>\n<\/div>\t\t<\/div>\n\t\t\t\t<\/div>\n\t\t\t\t\t<\/div>\n\t\t<\/div>\n\t\t\t\t<div class=\"elementor-column elementor-col-50 elementor-top-column elementor-element elementor-element-5290097\" data-id=\"5290097\" data-element_type=\"column\">\n\t\t\t<div class=\"elementor-widget-wrap elementor-element-populated\">\n\t\t\t\t\t\t\t\t<div class=\"elementor-element elementor-element-9dc379f elementor-widget elementor-widget-rt-video\" data-id=\"9dc379f\" data-element_type=\"widget\" data-widget_type=\"rt-video.default\">\n\t\t\t\t<div class=\"elementor-widget-container\">\n\t\t\t<div class=\"rt-video-layout motion-effects\">\n\t<div class=\"rt-video\">\n\t\t<div class=\"rt-img\">\n\t\t<img width=\"696\" height=\"425\" src=\"https:\/\/mundor.com.br\/blog\/wp-content\/uploads\/sites\/3\/2021\/12\/about-img_4.jpg\" class=\"attachment-full size-full wp-image-6189\" alt=\"\" loading=\"lazy\" srcset=\"https:\/\/mundor.com.br\/blog\/wp-content\/uploads\/sites\/3\/2021\/12\/about-img_4.jpg 696w, https:\/\/mundor.com.br\/blog\/wp-content\/uploads\/sites\/3\/2021\/12\/about-img_4-300x183.jpg 300w, https:\/\/mundor.com.br\/blog\/wp-content\/uploads\/sites\/3\/2021\/12\/about-img_4-155x95.jpg 155w\" sizes=\"(max-width: 696px) 100vw, 696px\" \/>\t\t<\/div>\n\t\t<div class=\"rt-icon\">\t\t\t\n\t\t\t<a class=\"rt-play rt-video-popup\" href=\"https:\/\/www.youtube.com\/watch?v=XHOmBV4js_E\"><i class=\"fas fa-play\"><\/i><\/a>\n\t\t<\/div>\n\t<\/div>\n\t<div class=\"element motion-effects1\"><img width=\"113\" height=\"104\" src=\"https:\/\/mundor.com.br\/blog\/wp-content\/uploads\/sites\/3\/2021\/10\/element_18.png\" class=\"attachment-full size-full wp-image-785\" alt=\"\" loading=\"lazy\" \/><\/div>\n<\/div>\t\t<\/div>\n\t\t\t\t<\/div>\n\t\t\t\t\t<\/div>\n\t\t<\/div>\n\t\t\t\t\t\t\t<\/div>\n\t\t<\/section>\n\t\t\t\t<section class=\"elementor-section elementor-top-section elementor-element elementor-element-6a4efef motion-effects elementor-section-boxed elementor-section-height-default elementor-section-height-default rt-parallax-bg-no\" data-id=\"6a4efef\" data-element_type=\"section\">\n\t\t\t\t\t\t<div class=\"elementor-container elementor-column-gap-default\">\n\t\t\t\t\t<div class=\"elementor-column elementor-col-100 elementor-top-column elementor-element elementor-element-012fa91\" data-id=\"012fa91\" data-element_type=\"column\">\n\t\t\t<div class=\"elementor-widget-wrap elementor-element-populated\">\n\t\t\t\t\t\t\t\t<div class=\"elementor-element elementor-element-c746b35 elementor-widget__width-auto elementor-absolute elementor-hidden-tablet elementor-hidden-mobile elementor-widget elementor-widget-rt-shape\" data-id=\"c746b35\" data-element_type=\"widget\" data-settings=\"{&quot;_position&quot;:&quot;absolute&quot;}\" data-widget_type=\"rt-shape.default\">\n\t\t\t\t<div class=\"elementor-widget-container\">\n\t\t\t\n<div class=\"rt-shape-layout motion-effects rt-shape-layout1\">\t\n\t<div class=\"rt-shape-item\">\n        \t\t<div class=\"shape motion-effects5\"><img width=\"528\" height=\"528\" src=\"https:\/\/mundor.com.br\/blog\/wp-content\/uploads\/sites\/3\/2021\/11\/element_20.png\" class=\"attachment-full size-full wp-image-4363\" alt=\"\" loading=\"lazy\" srcset=\"https:\/\/mundor.com.br\/blog\/wp-content\/uploads\/sites\/3\/2021\/11\/element_20.png 528w, https:\/\/mundor.com.br\/blog\/wp-content\/uploads\/sites\/3\/2021\/11\/element_20-150x150.png 150w, https:\/\/mundor.com.br\/blog\/wp-content\/uploads\/sites\/3\/2021\/11\/element_20-300x300.png 300w, https:\/\/mundor.com.br\/blog\/wp-content\/uploads\/sites\/3\/2021\/11\/element_20-200x200.png 200w, https:\/\/mundor.com.br\/blog\/wp-content\/uploads\/sites\/3\/2021\/11\/element_20-155x155.png 155w\" sizes=\"(max-width: 528px) 100vw, 528px\" \/><\/div>\n        \t<\/div>\n<\/div>\t\t<\/div>\n\t\t\t\t<\/div>\n\t\t\t\t<div class=\"elementor-element elementor-element-e2fc371 elementor-invisible elementor-widget elementor-widget-rt-title\" data-id=\"e2fc371\" data-element_type=\"widget\" data-widget_type=\"rt-title.default\">\n\t\t\t\t<div class=\"elementor-widget-container\">\n\t\t\t<div class=\"rt-section-title style2\">\n\t<div class=\"title-holder\">\n\t\t\t\t<h2 class=\"entry-title hide fadeInUp\" data-wow-delay=\"1.2s\" data-wow-duration=\"1s\">Meet Our Team<\/h2>\n\t\t\t\t\t<div class=\"entry-text hide fadeInUp\" data-wow-delay=\"1.4s\" data-wow-duration=\"1s\"><p>Nec nascetur mus vicideolor rhoncus augue quisque parturientet imperdet sit nisi tellus veni faucibus orcimperdietenatis.<\/p><\/div>\n\t\t\t<\/div>\n<\/div>\t\t<\/div>\n\t\t\t\t<\/div>\n\t\t\t\t<div class=\"elementor-element elementor-element-8f9b141 elementor-invisible elementor-widget elementor-widget-rt-team\" data-id=\"8f9b141\" data-element_type=\"widget\" data-widget_type=\"rt-team.default\">\n\t\t\t\t<div class=\"elementor-widget-container\">\n\t\t\t<div class=\"team-default team-multi-layout-1 team-grid-style1\">\n\t<div class=\"row g-4\">\n\t\t\t\t\t<div class=\"team-item col-lg-3 col-md-6 col-sm-6 col-xs-12\">\n\t\t\t\t<div class=\"team-content-wrap wow fadeInUp\" data-wow-delay=\"0.5s\" data-wow-duration=\"1s\">\n\t\t\t\t\t<div class=\"team-thums\">\n\t\t\t\t\t\t<a href=\"https:\/\/mundor.com.br\/blog\/pt-br\/team\/james-stone\/\">\n\t\t\t\t\t\t\t<img width=\"480\" height=\"504\" src=\"https:\/\/mundor.com.br\/blog\/wp-content\/uploads\/sites\/3\/2021\/10\/team_1-480x504.jpg\" class=\"attachment-neeon-size4 size-neeon-size4 wp-post-image\" alt=\"\" loading=\"lazy\" \/>\t\t\t\t\t\t<\/a>\n\t\t\t\t\t<\/div>\n\t\t\t\t\t<div class=\"mask-wrap\">\n\t\t\t\t\t\t<div class=\"team-content\">\t\t\t\t\t\n\t\t\t\t\t\t\t<h3 class=\"team-title\"><a href=\"https:\/\/mundor.com.br\/blog\/pt-br\/team\/james-stone\/\">James Stone<\/a><\/h3>\n\t\t\t\t\t\t\t\t\t\t\t\t\t\t<div class=\"team-designation\">Creative Director<\/div>\n\t\t\t\t\t\t\t\t\t\t\t\t\t\t\t\t\t\t\t\t\t\t\t\t\t\t\t\t<ul class=\"team-social\">\n\t\t\t\t\t\t\t\t\t\t\t\t\t\t\t\t\t\t\t\t\t\t\t\t\t\t\t<li><a target=\"_blank\" href=\"#\"><i class=\"fab fa-facebook-f\" aria-hidden=\"true\"><\/i><\/a><\/li>\n\t\t\t\t\t\t\t\t\t\t\t\t\t\t\t\t\t\t\t\t\t\t\t\t\t\t\t\t\t\t\t\t\t\t\t\t<li><a target=\"_blank\" href=\"#\"><i class=\"fab fa-twitter\" aria-hidden=\"true\"><\/i><\/a><\/li>\n\t\t\t\t\t\t\t\t\t\t\t\t\t\t\t\t\t\t\t\t\t\t\t\t\t\t\t\t\t\t\t\t\t\t\t\t<li><a target=\"_blank\" href=\"#\"><i class=\"fab fa-linkedin-in\" aria-hidden=\"true\"><\/i><\/a><\/li>\n\t\t\t\t\t\t\t\t\t\t\t\t\t\t\t\t\t\t\t\t\t\t\t\t\t\t\t\t\t\t\t\t\t\t\t\t\t\t\t\t\t\t\t\t\t\t\t\t\t\t\t\t\t\t\t\t\t\t\t\t\t\t\t\t\t\t\t\t\t\t\t\t\t\t\t\t\t\t\t\t\t\t\t\t\t\t\t\t\t\t\t\t\t\t\t\t\t\t\t\t\t\t\t\t\t\t\t\t\t\t\t\t\t\t\t\t\t\t\t\t\t<li><a target=\"_blank\" href=\"#\"><i class=\"fab fa-pinterest-p\" aria-hidden=\"true\"><\/i><\/a><\/li>\n\t\t\t\t\t\t\t\t\t\t\t\t\t\t\t\t\t\t\t\t\t\t\t\t\t\t\t\t\t\t\t\t\t\t\t\t\t\t\t\t\t\t\t\t\t\t\t\t\t\t\t\t\t\t\t\t\t\t\t\t\t\t\t\t\t\t\t\t\t\t\t\t\t\t\t<\/ul>\n\t\t\t\t\t\t\t\t\t\t\t\t<\/div>\n\t\t\t\t\t<\/div>\n\t\t\t\t<\/div>\n\t\t\t<\/div>\n\t\t\t\t\t\t<\/div>\n\t\t\t\t\t<\/div>\t\t<\/div>\n\t\t\t\t<\/div>\n\t\t\t\t\t<\/div>\n\t\t<\/div>\n\t\t\t\t\t\t\t<\/div>\n\t\t<\/section>\n\t\t\t\t\t\t\t<\/div>\n\t\t","protected":false},"excerpt":{"rendered":"<p>post_content<\/p>\n","protected":false},"author":1,"featured_media":0,"parent":0,"menu_order":0,"comment_status":"closed","ping_status":"closed","template":"elementor_header_footer","meta":{"pmpro_default_level":""},"acf":[],"yoast_head":"<!-- This site is optimized with the Yoast SEO plugin v19.6.1 - https:\/\/yoast.com\/wordpress\/plugins\/seo\/ -->\n<title>Sobre n\u00f3s - Portal de Not\u00edcias<\/title>\n<meta name=\"robots\" content=\"index, follow, max-snippet:-1, max-image-preview:large, max-video-preview:-1\" \/>\n<link rel=\"canonical\" href=\"https:\/\/mundor.com.br\/blog\/about-us\/\" \/>\n<meta property=\"og:locale\" content=\"pt_BR\" \/>\n<meta property=\"og:type\" content=\"article\" \/>\n<meta property=\"og:title\" content=\"Sobre n\u00f3s - Portal de Not\u00edcias\" \/>\n<meta property=\"og:description\" content=\"post_content\" \/>\n<meta property=\"og:url\" content=\"https:\/\/mundor.com.br\/blog\/about-us\/\" \/>\n<meta property=\"og:site_name\" content=\"Portal de Not\u00edcias\" \/>\n<meta property=\"article:modified_time\" content=\"2022-02-24T13:26:15+00:00\" \/>\n<meta name=\"twitter:card\" content=\"summary_large_image\" \/>\n<script type=\"application\/ld+json\" class=\"yoast-schema-graph\">{\"@context\":\"https:\/\/schema.org\",\"@graph\":[{\"@type\":\"WebPage\",\"@id\":\"https:\/\/mundor.com.br\/blog\/about-us\/\",\"url\":\"https:\/\/mundor.com.br\/blog\/about-us\/\",\"name\":\"Sobre n\u00f3s - Portal de Not\u00edcias\",\"isPartOf\":{\"@id\":\"https:\/\/mundor.com.br\/blog\/#website\"},\"datePublished\":\"2021-10-25T11:04:16+00:00\",\"dateModified\":\"2022-02-24T13:26:15+00:00\",\"breadcrumb\":{\"@id\":\"https:\/\/mundor.com.br\/blog\/about-us\/#breadcrumb\"},\"inLanguage\":\"pt-BR\",\"potentialAction\":[{\"@type\":\"ReadAction\",\"target\":[\"https:\/\/mundor.com.br\/blog\/about-us\/\"]}]},{\"@type\":\"BreadcrumbList\",\"@id\":\"https:\/\/mundor.com.br\/blog\/about-us\/#breadcrumb\",\"itemListElement\":[{\"@type\":\"ListItem\",\"position\":1,\"name\":\"In\u00edcio\",\"item\":\"https:\/\/mundor.com.br\/blog\/\"},{\"@type\":\"ListItem\",\"position\":2,\"name\":\"Sobre n\u00f3s\"}]},{\"@type\":\"WebSite\",\"@id\":\"https:\/\/mundor.com.br\/blog\/#website\",\"url\":\"https:\/\/mundor.com.br\/blog\/\",\"name\":\"Portal de Not\u00edcias\",\"description\":\"Um mundo de informa\u00e7\u00f5es para o segmento de alimenta\u00e7\u00e3o\",\"potentialAction\":[{\"@type\":\"SearchAction\",\"target\":{\"@type\":\"EntryPoint\",\"urlTemplate\":\"https:\/\/mundor.com.br\/blog\/?s={search_term_string}\"},\"query-input\":\"required name=search_term_string\"}],\"inLanguage\":\"pt-BR\"}]}<\/script>\n<!-- \/ Yoast SEO plugin. -->","yoast_head_json":{"title":"Sobre n\u00f3s - Portal de Not\u00edcias","robots":{"index":"index","follow":"follow","max-snippet":"max-snippet:-1","max-image-preview":"max-image-preview:large","max-video-preview":"max-video-preview:-1"},"canonical":"https:\/\/mundor.com.br\/blog\/about-us\/","og_locale":"pt_BR","og_type":"article","og_title":"Sobre n\u00f3s - Portal de Not\u00edcias","og_description":"post_content","og_url":"https:\/\/mundor.com.br\/blog\/about-us\/","og_site_name":"Portal de Not\u00edcias","article_modified_time":"2022-02-24T13:26:15+00:00","twitter_card":"summary_large_image","schema":{"@context":"https:\/\/schema.org","@graph":[{"@type":"WebPage","@id":"https:\/\/mundor.com.br\/blog\/about-us\/","url":"https:\/\/mundor.com.br\/blog\/about-us\/","name":"Sobre n\u00f3s - Portal de Not\u00edcias","isPartOf":{"@id":"https:\/\/mundor.com.br\/blog\/#website"},"datePublished":"2021-10-25T11:04:16+00:00","dateModified":"2022-02-24T13:26:15+00:00","breadcrumb":{"@id":"https:\/\/mundor.com.br\/blog\/about-us\/#breadcrumb"},"inLanguage":"pt-BR","potentialAction":[{"@type":"ReadAction","target":["https:\/\/mundor.com.br\/blog\/about-us\/"]}]},{"@type":"BreadcrumbList","@id":"https:\/\/mundor.com.br\/blog\/about-us\/#breadcrumb","itemListElement":[{"@type":"ListItem","position":1,"name":"In\u00edcio","item":"https:\/\/mundor.com.br\/blog\/"},{"@type":"ListItem","position":2,"name":"Sobre n\u00f3s"}]},{"@type":"WebSite","@id":"https:\/\/mundor.com.br\/blog\/#website","url":"https:\/\/mundor.com.br\/blog\/","name":"Portal de Not\u00edcias","description":"Um mundo de informa\u00e7\u00f5es para o segmento de alimenta\u00e7\u00e3o","potentialAction":[{"@type":"SearchAction","target":{"@type":"EntryPoint","urlTemplate":"https:\/\/mundor.com.br\/blog\/?s={search_term_string}"},"query-input":"required name=search_term_string"}],"inLanguage":"pt-BR"}]}},"_links":{"self":[{"href":"https:\/\/mundor.com.br\/blog\/wp-json\/wp\/v2\/pages\/753"}],"collection":[{"href":"https:\/\/mundor.com.br\/blog\/wp-json\/wp\/v2\/pages"}],"about":[{"href":"https:\/\/mundor.com.br\/blog\/wp-json\/wp\/v2\/types\/page"}],"author":[{"embeddable":true,"href":"https:\/\/mundor.com.br\/blog\/wp-json\/wp\/v2\/users\/1"}],"replies":[{"embeddable":true,"href":"https:\/\/mundor.com.br\/blog\/wp-json\/wp\/v2\/comments?post=753"}],"version-history":[{"count":0,"href":"https:\/\/mundor.com.br\/blog\/wp-json\/wp\/v2\/pages\/753\/revisions"}],"wp:attachment":[{"href":"https:\/\/mundor.com.br\/blog\/wp-json\/wp\/v2\/media?parent=753"}],"curies":[{"name":"wp","href":"https:\/\/api.w.org\/{rel}","templated":true}]}}