{"id":7427,"date":"2022-01-31T08:20:18","date_gmt":"2022-01-31T08:20:18","guid":{"rendered":"http:\/\/localhost\/blog\/african-nation-are-strugling-to-save-their-wildlife-14-copy-5\/"},"modified":"2022-01-31T09:31:01","modified_gmt":"2022-01-31T09:31:01","slug":"thumb-vertical","status":"publish","type":"page","link":"https:\/\/mundor.com.br\/blog\/thumb-vertical\/","title":{"rendered":"Thumb Vertical"},"content":{"rendered":"\t\t<div data-elementor-type=\"wp-page\" data-elementor-id=\"7427\" class=\"elementor elementor-7427\">\n\t\t\t\t\t\t\t\t\t<section class=\"elementor-section elementor-top-section elementor-element elementor-element-6b0f28f elementor-section-full_width elementor-section-stretched elementor-section-height-default elementor-section-height-default rt-parallax-bg-no\" data-id=\"6b0f28f\" data-element_type=\"section\" data-settings=\"{&quot;stretch_section&quot;:&quot;section-stretched&quot;}\">\n\t\t\t\t\t\t<div class=\"elementor-container elementor-column-gap-default\">\n\t\t\t\t\t<div class=\"elementor-column elementor-col-100 elementor-top-column elementor-element elementor-element-2586828\" data-id=\"2586828\" data-element_type=\"column\">\n\t\t\t<div class=\"elementor-widget-wrap elementor-element-populated\">\n\t\t\t\t\t\t\t\t<div class=\"elementor-element elementor-element-55b23a9 elementor-widget elementor-widget-rt-thumb-slider\" data-id=\"55b23a9\" data-element_type=\"widget\" data-widget_type=\"rt-thumb-slider.default\">\n\t\t\t\t<div class=\"elementor-widget-container\">\n\t\t\t\n<div class=\"rt-thumb-slider-default rt-thumb-slider-vertical neeon-vertical-slider\">\n    <div class=\"swiper-container vertical-slider\" data-xld =\"{&quot;slidesPerView&quot;:2,&quot;loop&quot;:true,&quot;spaceBetween&quot;:24,&quot;slideToClickedSlide&quot;:true,&quot;autoplay&quot;:{&quot;delay&quot;:5000},&quot;speed&quot;:1000,&quot;breakpoints&quot;:{&quot;0&quot;:{&quot;slidesPerView&quot;:1},&quot;576&quot;:{&quot;slidesPerView&quot;:&quot;1&quot;},&quot;768&quot;:{&quot;slidesPerView&quot;:&quot;2&quot;},&quot;992&quot;:{&quot;slidesPerView&quot;:&quot;2&quot;},&quot;1200&quot;:{&quot;slidesPerView&quot;:&quot;3&quot;}},&quot;auto&quot;:false}\">\n        <div class=\"swiper-wrapper\">\n                 <!-- end swiper-slide -->\n                <\/div>\n    <\/div>\n    <!-- end video-slider-style-1 -->\n\n    <!-- start video-thumnail-area -->\n    <div class=\"rt-thumnail-area\">\n        <div class=\"container\">\n            <div class=\"swiper-container swiper-item-wrap vertical-thumb-slider\" data-xld =\"{&quot;slidesPerView&quot;:2,&quot;loop&quot;:true,&quot;spaceBetween&quot;:24,&quot;slideToClickedSlide&quot;:true,&quot;autoplay&quot;:{&quot;delay&quot;:5000},&quot;speed&quot;:1000,&quot;breakpoints&quot;:{&quot;0&quot;:{&quot;slidesPerView&quot;:1},&quot;576&quot;:{&quot;slidesPerView&quot;:&quot;1&quot;},&quot;768&quot;:{&quot;slidesPerView&quot;:&quot;2&quot;},&quot;992&quot;:{&quot;slidesPerView&quot;:&quot;2&quot;},&quot;1200&quot;:{&quot;slidesPerView&quot;:&quot;3&quot;}},&quot;auto&quot;:false}\">\n                <div class=\"swiper-wrapper\">\n                                    <\/div>\n                <div class=\"swiper-pagination\"><\/div>\n            <\/div>\n        <\/div>\n    <\/div>\n<\/div>\n\n\n\n\t\t<\/div>\n\t\t\t\t<\/div>\n\t\t\t\t\t<\/div>\n\t\t<\/div>\n\t\t\t\t\t\t\t<\/div>\n\t\t<\/section>\n\t\t\t\t\t\t\t<\/div>\n\t\t","protected":false},"excerpt":{"rendered":"<p>post_content<\/p>\n","protected":false},"author":1,"featured_media":0,"parent":0,"menu_order":0,"comment_status":"closed","ping_status":"closed","template":"elementor_header_footer","meta":{"pmpro_default_level":""},"acf":[],"yoast_head":"<!-- This site is optimized with the Yoast SEO plugin v19.6.1 - https:\/\/yoast.com\/wordpress\/plugins\/seo\/ -->\n<title>Thumb Vertical - Portal de Not\u00edcias<\/title>\n<meta name=\"robots\" content=\"index, follow, max-snippet:-1, max-image-preview:large, max-video-preview:-1\" \/>\n<link rel=\"canonical\" href=\"https:\/\/mundor.com.br\/blog\/thumb-vertical\/\" \/>\n<meta property=\"og:locale\" content=\"pt_BR\" \/>\n<meta property=\"og:type\" content=\"article\" \/>\n<meta property=\"og:title\" content=\"Thumb Vertical - Portal de Not\u00edcias\" \/>\n<meta property=\"og:description\" content=\"post_content\" \/>\n<meta property=\"og:url\" content=\"https:\/\/mundor.com.br\/blog\/thumb-vertical\/\" \/>\n<meta property=\"og:site_name\" content=\"Portal de Not\u00edcias\" \/>\n<meta property=\"article:modified_time\" content=\"2022-01-31T09:31:01+00:00\" \/>\n<meta name=\"twitter:card\" content=\"summary_large_image\" \/>\n<script type=\"application\/ld+json\" class=\"yoast-schema-graph\">{\"@context\":\"https:\/\/schema.org\",\"@graph\":[{\"@type\":\"WebPage\",\"@id\":\"https:\/\/mundor.com.br\/blog\/thumb-vertical\/\",\"url\":\"https:\/\/mundor.com.br\/blog\/thumb-vertical\/\",\"name\":\"Thumb Vertical - Portal de Not\u00edcias\",\"isPartOf\":{\"@id\":\"https:\/\/mundor.com.br\/blog\/#website\"},\"datePublished\":\"2022-01-31T08:20:18+00:00\",\"dateModified\":\"2022-01-31T09:31:01+00:00\",\"breadcrumb\":{\"@id\":\"https:\/\/mundor.com.br\/blog\/thumb-vertical\/#breadcrumb\"},\"inLanguage\":\"pt-BR\",\"potentialAction\":[{\"@type\":\"ReadAction\",\"target\":[\"https:\/\/mundor.com.br\/blog\/thumb-vertical\/\"]}]},{\"@type\":\"BreadcrumbList\",\"@id\":\"https:\/\/mundor.com.br\/blog\/thumb-vertical\/#breadcrumb\",\"itemListElement\":[{\"@type\":\"ListItem\",\"position\":1,\"name\":\"In\u00edcio\",\"item\":\"https:\/\/mundor.com.br\/blog\/\"},{\"@type\":\"ListItem\",\"position\":2,\"name\":\"Thumb Vertical\"}]},{\"@type\":\"WebSite\",\"@id\":\"https:\/\/mundor.com.br\/blog\/#website\",\"url\":\"https:\/\/mundor.com.br\/blog\/\",\"name\":\"Portal de Not\u00edcias\",\"description\":\"Um mundo de informa\u00e7\u00f5es para o segmento de alimenta\u00e7\u00e3o\",\"potentialAction\":[{\"@type\":\"SearchAction\",\"target\":{\"@type\":\"EntryPoint\",\"urlTemplate\":\"https:\/\/mundor.com.br\/blog\/?s={search_term_string}\"},\"query-input\":\"required name=search_term_string\"}],\"inLanguage\":\"pt-BR\"}]}<\/script>\n<!-- \/ Yoast SEO plugin. -->","yoast_head_json":{"title":"Thumb Vertical - Portal de Not\u00edcias","robots":{"index":"index","follow":"follow","max-snippet":"max-snippet:-1","max-image-preview":"max-image-preview:large","max-video-preview":"max-video-preview:-1"},"canonical":"https:\/\/mundor.com.br\/blog\/thumb-vertical\/","og_locale":"pt_BR","og_type":"article","og_title":"Thumb Vertical - Portal de Not\u00edcias","og_description":"post_content","og_url":"https:\/\/mundor.com.br\/blog\/thumb-vertical\/","og_site_name":"Portal de Not\u00edcias","article_modified_time":"2022-01-31T09:31:01+00:00","twitter_card":"summary_large_image","schema":{"@context":"https:\/\/schema.org","@graph":[{"@type":"WebPage","@id":"https:\/\/mundor.com.br\/blog\/thumb-vertical\/","url":"https:\/\/mundor.com.br\/blog\/thumb-vertical\/","name":"Thumb Vertical - Portal de Not\u00edcias","isPartOf":{"@id":"https:\/\/mundor.com.br\/blog\/#website"},"datePublished":"2022-01-31T08:20:18+00:00","dateModified":"2022-01-31T09:31:01+00:00","breadcrumb":{"@id":"https:\/\/mundor.com.br\/blog\/thumb-vertical\/#breadcrumb"},"inLanguage":"pt-BR","potentialAction":[{"@type":"ReadAction","target":["https:\/\/mundor.com.br\/blog\/thumb-vertical\/"]}]},{"@type":"BreadcrumbList","@id":"https:\/\/mundor.com.br\/blog\/thumb-vertical\/#breadcrumb","itemListElement":[{"@type":"ListItem","position":1,"name":"In\u00edcio","item":"https:\/\/mundor.com.br\/blog\/"},{"@type":"ListItem","position":2,"name":"Thumb Vertical"}]},{"@type":"WebSite","@id":"https:\/\/mundor.com.br\/blog\/#website","url":"https:\/\/mundor.com.br\/blog\/","name":"Portal de Not\u00edcias","description":"Um mundo de informa\u00e7\u00f5es para o segmento de alimenta\u00e7\u00e3o","potentialAction":[{"@type":"SearchAction","target":{"@type":"EntryPoint","urlTemplate":"https:\/\/mundor.com.br\/blog\/?s={search_term_string}"},"query-input":"required name=search_term_string"}],"inLanguage":"pt-BR"}]}},"_links":{"self":[{"href":"https:\/\/mundor.com.br\/blog\/wp-json\/wp\/v2\/pages\/7427"}],"collection":[{"href":"https:\/\/mundor.com.br\/blog\/wp-json\/wp\/v2\/pages"}],"about":[{"href":"https:\/\/mundor.com.br\/blog\/wp-json\/wp\/v2\/types\/page"}],"author":[{"embeddable":true,"href":"https:\/\/mundor.com.br\/blog\/wp-json\/wp\/v2\/users\/1"}],"replies":[{"embeddable":true,"href":"https:\/\/mundor.com.br\/blog\/wp-json\/wp\/v2\/comments?post=7427"}],"version-history":[{"count":0,"href":"https:\/\/mundor.com.br\/blog\/wp-json\/wp\/v2\/pages\/7427\/revisions"}],"wp:attachment":[{"href":"https:\/\/mundor.com.br\/blog\/wp-json\/wp\/v2\/media?parent=7427"}],"curies":[{"name":"wp","href":"https:\/\/api.w.org\/{rel}","templated":true}]}}