{"id":5965,"date":"2021-12-14T10:24:27","date_gmt":"2021-12-14T10:24:27","guid":{"rendered":"http:\/\/localhost\/blog\/african-nation-are-strugling-to-save-their-wildlife-14-copy-5\/"},"modified":"2021-12-14T10:34:07","modified_gmt":"2021-12-14T10:34:07","slug":"progress-bar","status":"publish","type":"page","link":"https:\/\/mundor.com.br\/blog\/progress-bar\/","title":{"rendered":"Progress Bar"},"content":{"rendered":"\t\t<div data-elementor-type=\"wp-page\" data-elementor-id=\"5965\" class=\"elementor elementor-5965\">\n\t\t\t\t\t\t\t\t\t<section class=\"elementor-section elementor-top-section elementor-element elementor-element-e69f475 elementor-section-stretched elementor-section-boxed elementor-section-height-default elementor-section-height-default rt-parallax-bg-no\" data-id=\"e69f475\" data-element_type=\"section\" data-settings=\"{&quot;stretch_section&quot;:&quot;section-stretched&quot;}\">\n\t\t\t\t\t\t<div class=\"elementor-container elementor-column-gap-default\">\n\t\t\t\t\t<div class=\"elementor-column elementor-col-100 elementor-top-column elementor-element elementor-element-d6ccbeb\" data-id=\"d6ccbeb\" data-element_type=\"column\">\n\t\t\t<div class=\"elementor-widget-wrap elementor-element-populated\">\n\t\t\t\t\t\t\t\t<div class=\"elementor-element elementor-element-d24c365 elementor-widget elementor-widget-rt-progress-bar\" data-id=\"d24c365\" data-element_type=\"widget\" data-widget_type=\"rt-progress-bar.default\">\n\t\t\t\t<div class=\"elementor-widget-container\">\n\t\t\t<div class=\"rt-progress-bar counter-appear\">\n\t<h3 class=\"entry-name\">Development<\/h3>\n\t<div class=\"progress\">\n\t\t<div class=\"progress-bar skill-per\" data-progress=\"77%\" style=\"height:6px; width: 77%;\"> <span>77%<\/span><\/div>\n\t<\/div>\n<\/div>\t\t<\/div>\n\t\t\t\t<\/div>\n\t\t\t\t<div class=\"elementor-element elementor-element-7196d70 elementor-widget elementor-widget-rt-progress-bar\" data-id=\"7196d70\" data-element_type=\"widget\" data-widget_type=\"rt-progress-bar.default\">\n\t\t\t\t<div class=\"elementor-widget-container\">\n\t\t\t<div class=\"rt-progress-bar counter-appear\">\n\t<h3 class=\"entry-name\">Success<\/h3>\n\t<div class=\"progress\">\n\t\t<div class=\"progress-bar skill-per\" data-progress=\"91%\" style=\"height:6px; width: 91%;\"> <span>91%<\/span><\/div>\n\t<\/div>\n<\/div>\t\t<\/div>\n\t\t\t\t<\/div>\n\t\t\t\t<div class=\"elementor-element elementor-element-16e15bb elementor-widget elementor-widget-rt-progress-bar\" data-id=\"16e15bb\" data-element_type=\"widget\" data-widget_type=\"rt-progress-bar.default\">\n\t\t\t\t<div class=\"elementor-widget-container\">\n\t\t\t<div class=\"rt-progress-bar counter-appear\">\n\t<h3 class=\"entry-name\">88% Finished Projects<\/h3>\n\t<div class=\"progress\">\n\t\t<div class=\"progress-bar skill-per\" data-progress=\"65%\" style=\"height:6px; width: 65%;\"> <span>65%<\/span><\/div>\n\t<\/div>\n<\/div>\t\t<\/div>\n\t\t\t\t<\/div>\n\t\t\t\t\t<\/div>\n\t\t<\/div>\n\t\t\t\t\t\t\t<\/div>\n\t\t<\/section>\n\t\t\t\t\t\t\t<\/div>\n\t\t","protected":false},"excerpt":{"rendered":"<p>post_content<\/p>\n","protected":false},"author":1,"featured_media":0,"parent":0,"menu_order":0,"comment_status":"closed","ping_status":"closed","template":"elementor_header_footer","meta":{"pmpro_default_level":""},"acf":[],"yoast_head":"<!-- This site is optimized with the Yoast SEO plugin v19.6.1 - https:\/\/yoast.com\/wordpress\/plugins\/seo\/ -->\n<title>Progress Bar - Portal de Not\u00edcias<\/title>\n<meta name=\"robots\" content=\"index, follow, max-snippet:-1, max-image-preview:large, max-video-preview:-1\" \/>\n<link rel=\"canonical\" href=\"https:\/\/mundor.com.br\/blog\/progress-bar\/\" \/>\n<meta property=\"og:locale\" content=\"pt_BR\" \/>\n<meta property=\"og:type\" content=\"article\" \/>\n<meta property=\"og:title\" content=\"Progress Bar - Portal de Not\u00edcias\" \/>\n<meta property=\"og:description\" content=\"post_content\" \/>\n<meta property=\"og:url\" content=\"https:\/\/mundor.com.br\/blog\/progress-bar\/\" \/>\n<meta property=\"og:site_name\" content=\"Portal de Not\u00edcias\" \/>\n<meta property=\"article:modified_time\" content=\"2021-12-14T10:34:07+00:00\" \/>\n<meta name=\"twitter:card\" content=\"summary_large_image\" \/>\n<script type=\"application\/ld+json\" class=\"yoast-schema-graph\">{\"@context\":\"https:\/\/schema.org\",\"@graph\":[{\"@type\":\"WebPage\",\"@id\":\"https:\/\/mundor.com.br\/blog\/progress-bar\/\",\"url\":\"https:\/\/mundor.com.br\/blog\/progress-bar\/\",\"name\":\"Progress Bar - Portal de Not\u00edcias\",\"isPartOf\":{\"@id\":\"https:\/\/mundor.com.br\/blog\/#website\"},\"datePublished\":\"2021-12-14T10:24:27+00:00\",\"dateModified\":\"2021-12-14T10:34:07+00:00\",\"breadcrumb\":{\"@id\":\"https:\/\/mundor.com.br\/blog\/progress-bar\/#breadcrumb\"},\"inLanguage\":\"pt-BR\",\"potentialAction\":[{\"@type\":\"ReadAction\",\"target\":[\"https:\/\/mundor.com.br\/blog\/progress-bar\/\"]}]},{\"@type\":\"BreadcrumbList\",\"@id\":\"https:\/\/mundor.com.br\/blog\/progress-bar\/#breadcrumb\",\"itemListElement\":[{\"@type\":\"ListItem\",\"position\":1,\"name\":\"In\u00edcio\",\"item\":\"https:\/\/mundor.com.br\/blog\/\"},{\"@type\":\"ListItem\",\"position\":2,\"name\":\"Progress Bar\"}]},{\"@type\":\"WebSite\",\"@id\":\"https:\/\/mundor.com.br\/blog\/#website\",\"url\":\"https:\/\/mundor.com.br\/blog\/\",\"name\":\"Portal de Not\u00edcias\",\"description\":\"Um mundo de informa\u00e7\u00f5es para o segmento de alimenta\u00e7\u00e3o\",\"potentialAction\":[{\"@type\":\"SearchAction\",\"target\":{\"@type\":\"EntryPoint\",\"urlTemplate\":\"https:\/\/mundor.com.br\/blog\/?s={search_term_string}\"},\"query-input\":\"required name=search_term_string\"}],\"inLanguage\":\"pt-BR\"}]}<\/script>\n<!-- \/ Yoast SEO plugin. -->","yoast_head_json":{"title":"Progress Bar - Portal de Not\u00edcias","robots":{"index":"index","follow":"follow","max-snippet":"max-snippet:-1","max-image-preview":"max-image-preview:large","max-video-preview":"max-video-preview:-1"},"canonical":"https:\/\/mundor.com.br\/blog\/progress-bar\/","og_locale":"pt_BR","og_type":"article","og_title":"Progress Bar - Portal de Not\u00edcias","og_description":"post_content","og_url":"https:\/\/mundor.com.br\/blog\/progress-bar\/","og_site_name":"Portal de Not\u00edcias","article_modified_time":"2021-12-14T10:34:07+00:00","twitter_card":"summary_large_image","schema":{"@context":"https:\/\/schema.org","@graph":[{"@type":"WebPage","@id":"https:\/\/mundor.com.br\/blog\/progress-bar\/","url":"https:\/\/mundor.com.br\/blog\/progress-bar\/","name":"Progress Bar - Portal de Not\u00edcias","isPartOf":{"@id":"https:\/\/mundor.com.br\/blog\/#website"},"datePublished":"2021-12-14T10:24:27+00:00","dateModified":"2021-12-14T10:34:07+00:00","breadcrumb":{"@id":"https:\/\/mundor.com.br\/blog\/progress-bar\/#breadcrumb"},"inLanguage":"pt-BR","potentialAction":[{"@type":"ReadAction","target":["https:\/\/mundor.com.br\/blog\/progress-bar\/"]}]},{"@type":"BreadcrumbList","@id":"https:\/\/mundor.com.br\/blog\/progress-bar\/#breadcrumb","itemListElement":[{"@type":"ListItem","position":1,"name":"In\u00edcio","item":"https:\/\/mundor.com.br\/blog\/"},{"@type":"ListItem","position":2,"name":"Progress Bar"}]},{"@type":"WebSite","@id":"https:\/\/mundor.com.br\/blog\/#website","url":"https:\/\/mundor.com.br\/blog\/","name":"Portal de Not\u00edcias","description":"Um mundo de informa\u00e7\u00f5es para o segmento de alimenta\u00e7\u00e3o","potentialAction":[{"@type":"SearchAction","target":{"@type":"EntryPoint","urlTemplate":"https:\/\/mundor.com.br\/blog\/?s={search_term_string}"},"query-input":"required name=search_term_string"}],"inLanguage":"pt-BR"}]}},"_links":{"self":[{"href":"https:\/\/mundor.com.br\/blog\/wp-json\/wp\/v2\/pages\/5965"}],"collection":[{"href":"https:\/\/mundor.com.br\/blog\/wp-json\/wp\/v2\/pages"}],"about":[{"href":"https:\/\/mundor.com.br\/blog\/wp-json\/wp\/v2\/types\/page"}],"author":[{"embeddable":true,"href":"https:\/\/mundor.com.br\/blog\/wp-json\/wp\/v2\/users\/1"}],"replies":[{"embeddable":true,"href":"https:\/\/mundor.com.br\/blog\/wp-json\/wp\/v2\/comments?post=5965"}],"version-history":[{"count":0,"href":"https:\/\/mundor.com.br\/blog\/wp-json\/wp\/v2\/pages\/5965\/revisions"}],"wp:attachment":[{"href":"https:\/\/mundor.com.br\/blog\/wp-json\/wp\/v2\/media?parent=5965"}],"curies":[{"name":"wp","href":"https:\/\/api.w.org\/{rel}","templated":true}]}}