{"id":5960,"date":"2021-12-14T10:22:28","date_gmt":"2021-12-14T10:22:28","guid":{"rendered":"http:\/\/localhost\/blog\/african-nation-are-strugling-to-save-their-wildlife-14-copy-5\/"},"modified":"2021-12-14T10:23:45","modified_gmt":"2021-12-14T10:23:45","slug":"contact-info","status":"publish","type":"page","link":"https:\/\/mundor.com.br\/blog\/contact-info\/","title":{"rendered":"Contact  Info"},"content":{"rendered":"\t\t<div data-elementor-type=\"wp-page\" data-elementor-id=\"5960\" class=\"elementor elementor-5960\">\n\t\t\t\t\t\t\t\t\t<section class=\"elementor-section elementor-top-section elementor-element elementor-element-e69f475 elementor-section-stretched elementor-section-boxed elementor-section-height-default elementor-section-height-default rt-parallax-bg-no\" data-id=\"e69f475\" data-element_type=\"section\" data-settings=\"{&quot;stretch_section&quot;:&quot;section-stretched&quot;}\">\n\t\t\t\t\t\t<div class=\"elementor-container elementor-column-gap-default\">\n\t\t\t\t\t<div class=\"elementor-column elementor-col-100 elementor-top-column elementor-element elementor-element-d6ccbeb\" data-id=\"d6ccbeb\" data-element_type=\"column\">\n\t\t\t<div class=\"elementor-widget-wrap elementor-element-populated\">\n\t\t\t\t\t\t\t\t<div class=\"elementor-element elementor-element-f82cc74 elementor-invisible elementor-widget elementor-widget-rt-title\" data-id=\"f82cc74\" data-element_type=\"widget\" data-widget_type=\"rt-title.default\">\n\t\t\t\t<div class=\"elementor-widget-container\">\n\t\t\t<div class=\"rt-section-title style2\">\n\t<div class=\"title-holder\">\n\t\t\t\t<span class=\"sub-title hide fadeInUp\" data-wow-delay=\"1s\" data-wow-duration=\"1s\">HOW MAY WE HELP YOU<\/span>\n\t\t\t\t<h2 class=\"entry-title hide fadeInUp\" data-wow-delay=\"1.2s\" data-wow-duration=\"1s\">Office Information<\/h2>\n\t\t\t\t\t<div class=\"entry-text hide fadeInUp\" data-wow-delay=\"1.4s\" data-wow-duration=\"1s\"><p>Mhen an unknown printer took a galley of type and scrambled it to make a type specimen book. It has survived not only five centuries, but also the leap into remaining essentially unchanged.<\/p><\/div>\n\t\t\t<\/div>\n<\/div>\t\t<\/div>\n\t\t\t\t<\/div>\n\t\t\t\t<section class=\"elementor-section elementor-inner-section elementor-element elementor-element-d13ca69 elementor-section-boxed elementor-section-height-default elementor-section-height-default rt-parallax-bg-no\" data-id=\"d13ca69\" data-element_type=\"section\">\n\t\t\t\t\t\t<div class=\"elementor-container elementor-column-gap-default\">\n\t\t\t\t\t<div class=\"elementor-column elementor-col-50 elementor-inner-column elementor-element elementor-element-2c8202d\" data-id=\"2c8202d\" data-element_type=\"column\">\n\t\t\t<div class=\"elementor-widget-wrap elementor-element-populated\">\n\t\t\t\t\t\t\t\t<div class=\"elementor-element elementor-element-c850b88 elementor-widget elementor-widget-rt-contact-info\" data-id=\"c850b88\" data-element_type=\"widget\" data-widget_type=\"rt-contact-info.default\">\n\t\t\t\t<div class=\"elementor-widget-container\">\n\t\t\t<div class=\"rt-contact-info\">\n\t<div class=\"rt-item item-icon\">\n\t\t \t\n\t\t\t\t\t<span class=\"rt-icon\"><i class=\"fas fa-map-marker-alt\"><\/i><\/span>\n\t\t\t\t\t\n\n\t\t<div class=\"entry-contrent\">\n\t\t\t\t\t\t\t<p class=\"entry-text\">29 Street, Melbourne City, Australia.<\/p>\n\t\t\t\t<\/div>\n\t<\/div>\n<\/div>\t\t<\/div>\n\t\t\t\t<\/div>\n\t\t\t\t<div class=\"elementor-element elementor-element-946958c elementor-widget elementor-widget-rt-contact-info\" data-id=\"946958c\" data-element_type=\"widget\" data-widget_type=\"rt-contact-info.default\">\n\t\t\t\t<div class=\"elementor-widget-container\">\n\t\t\t<div class=\"rt-contact-info\">\n\t<div class=\"rt-item item-icon\">\n\t\t \t\n\t\t\t\t\t<span class=\"rt-icon\"><i class=\"fas fa-phone-alt\"><\/i><\/span>\n\t\t\t\t\t\n\n\t\t<div class=\"entry-contrent\">\n\t\t\t\t\t\t\t<p class=\"entry-text\"><a href=\"tel:+123-88-956-000\">+123-88-956-000<\/a><\/p>\n\t\t\t\t<\/div>\n\t<\/div>\n<\/div>\t\t<\/div>\n\t\t\t\t<\/div>\n\t\t\t\t\t<\/div>\n\t\t<\/div>\n\t\t\t\t<div class=\"elementor-column elementor-col-50 elementor-inner-column elementor-element elementor-element-ffb99c0\" data-id=\"ffb99c0\" data-element_type=\"column\">\n\t\t\t<div class=\"elementor-widget-wrap elementor-element-populated\">\n\t\t\t\t\t\t\t\t<div class=\"elementor-element elementor-element-9622f13 elementor-widget elementor-widget-rt-contact-info\" data-id=\"9622f13\" data-element_type=\"widget\" data-widget_type=\"rt-contact-info.default\">\n\t\t\t\t<div class=\"elementor-widget-container\">\n\t\t\t<div class=\"rt-contact-info\">\n\t<div class=\"rt-item item-icon\">\n\t\t \t\n\t\t\t\t\t<span class=\"rt-icon\"><i class=\"far fa-envelope\"><\/i><\/span>\n\t\t\t\t\t\n\n\t\t<div class=\"entry-contrent\">\n\t\t\t\t\t\t\t<p class=\"entry-text\"><a href=\"mailto:infonouka@gmail.com\">infonouka@gmail.com<\/a><\/p>\n\t\t\t\t<\/div>\n\t<\/div>\n<\/div>\t\t<\/div>\n\t\t\t\t<\/div>\n\t\t\t\t<div class=\"elementor-element elementor-element-c297af8 elementor-widget elementor-widget-rt-contact-info\" data-id=\"c297af8\" data-element_type=\"widget\" data-widget_type=\"rt-contact-info.default\">\n\t\t\t\t<div class=\"elementor-widget-container\">\n\t\t\t<div class=\"rt-contact-info\">\n\t<div class=\"rt-item item-icon\">\n\t\t \t\n\t\t\t\t\t<span class=\"rt-icon\"><i class=\"fas fa-globe-americas\"><\/i><\/span>\n\t\t\t\t\t\n\n\t\t<div class=\"entry-contrent\">\n\t\t\t\t\t\t\t<p class=\"entry-text\"><a href=\"https:\/\/www.radiustheme.com\/\" rel=\"nofollow\">www.radiustheme.com<\/a><\/p>\n\t\t\t\t<\/div>\n\t<\/div>\n<\/div>\t\t<\/div>\n\t\t\t\t<\/div>\n\t\t\t\t\t<\/div>\n\t\t<\/div>\n\t\t\t\t\t\t\t<\/div>\n\t\t<\/section>\n\t\t\t\t\t<\/div>\n\t\t<\/div>\n\t\t\t\t\t\t\t<\/div>\n\t\t<\/section>\n\t\t\t\t\t\t\t<\/div>\n\t\t","protected":false},"excerpt":{"rendered":"<p>post_content<\/p>\n","protected":false},"author":1,"featured_media":0,"parent":0,"menu_order":0,"comment_status":"closed","ping_status":"closed","template":"elementor_header_footer","meta":{"pmpro_default_level":""},"acf":[],"yoast_head":"<!-- This site is optimized with the Yoast SEO plugin v19.6.1 - https:\/\/yoast.com\/wordpress\/plugins\/seo\/ -->\n<title>Contact Info - Portal de Not\u00edcias<\/title>\n<meta name=\"robots\" content=\"index, follow, max-snippet:-1, max-image-preview:large, max-video-preview:-1\" \/>\n<link rel=\"canonical\" href=\"https:\/\/mundor.com.br\/blog\/contact-info\/\" \/>\n<meta property=\"og:locale\" content=\"pt_BR\" \/>\n<meta property=\"og:type\" content=\"article\" \/>\n<meta property=\"og:title\" content=\"Contact Info - Portal de Not\u00edcias\" \/>\n<meta property=\"og:description\" content=\"post_content\" \/>\n<meta property=\"og:url\" content=\"https:\/\/mundor.com.br\/blog\/contact-info\/\" \/>\n<meta property=\"og:site_name\" content=\"Portal de Not\u00edcias\" \/>\n<meta property=\"article:modified_time\" content=\"2021-12-14T10:23:45+00:00\" \/>\n<meta name=\"twitter:card\" content=\"summary_large_image\" \/>\n<script type=\"application\/ld+json\" class=\"yoast-schema-graph\">{\"@context\":\"https:\/\/schema.org\",\"@graph\":[{\"@type\":\"WebPage\",\"@id\":\"https:\/\/mundor.com.br\/blog\/contact-info\/\",\"url\":\"https:\/\/mundor.com.br\/blog\/contact-info\/\",\"name\":\"Contact Info - Portal de Not\u00edcias\",\"isPartOf\":{\"@id\":\"https:\/\/mundor.com.br\/blog\/#website\"},\"datePublished\":\"2021-12-14T10:22:28+00:00\",\"dateModified\":\"2021-12-14T10:23:45+00:00\",\"breadcrumb\":{\"@id\":\"https:\/\/mundor.com.br\/blog\/contact-info\/#breadcrumb\"},\"inLanguage\":\"pt-BR\",\"potentialAction\":[{\"@type\":\"ReadAction\",\"target\":[\"https:\/\/mundor.com.br\/blog\/contact-info\/\"]}]},{\"@type\":\"BreadcrumbList\",\"@id\":\"https:\/\/mundor.com.br\/blog\/contact-info\/#breadcrumb\",\"itemListElement\":[{\"@type\":\"ListItem\",\"position\":1,\"name\":\"In\u00edcio\",\"item\":\"https:\/\/mundor.com.br\/blog\/\"},{\"@type\":\"ListItem\",\"position\":2,\"name\":\"Contact Info\"}]},{\"@type\":\"WebSite\",\"@id\":\"https:\/\/mundor.com.br\/blog\/#website\",\"url\":\"https:\/\/mundor.com.br\/blog\/\",\"name\":\"Portal de Not\u00edcias\",\"description\":\"Um mundo de informa\u00e7\u00f5es para o segmento de alimenta\u00e7\u00e3o\",\"potentialAction\":[{\"@type\":\"SearchAction\",\"target\":{\"@type\":\"EntryPoint\",\"urlTemplate\":\"https:\/\/mundor.com.br\/blog\/?s={search_term_string}\"},\"query-input\":\"required name=search_term_string\"}],\"inLanguage\":\"pt-BR\"}]}<\/script>\n<!-- \/ Yoast SEO plugin. -->","yoast_head_json":{"title":"Contact Info - Portal de Not\u00edcias","robots":{"index":"index","follow":"follow","max-snippet":"max-snippet:-1","max-image-preview":"max-image-preview:large","max-video-preview":"max-video-preview:-1"},"canonical":"https:\/\/mundor.com.br\/blog\/contact-info\/","og_locale":"pt_BR","og_type":"article","og_title":"Contact Info - Portal de Not\u00edcias","og_description":"post_content","og_url":"https:\/\/mundor.com.br\/blog\/contact-info\/","og_site_name":"Portal de Not\u00edcias","article_modified_time":"2021-12-14T10:23:45+00:00","twitter_card":"summary_large_image","schema":{"@context":"https:\/\/schema.org","@graph":[{"@type":"WebPage","@id":"https:\/\/mundor.com.br\/blog\/contact-info\/","url":"https:\/\/mundor.com.br\/blog\/contact-info\/","name":"Contact Info - Portal de Not\u00edcias","isPartOf":{"@id":"https:\/\/mundor.com.br\/blog\/#website"},"datePublished":"2021-12-14T10:22:28+00:00","dateModified":"2021-12-14T10:23:45+00:00","breadcrumb":{"@id":"https:\/\/mundor.com.br\/blog\/contact-info\/#breadcrumb"},"inLanguage":"pt-BR","potentialAction":[{"@type":"ReadAction","target":["https:\/\/mundor.com.br\/blog\/contact-info\/"]}]},{"@type":"BreadcrumbList","@id":"https:\/\/mundor.com.br\/blog\/contact-info\/#breadcrumb","itemListElement":[{"@type":"ListItem","position":1,"name":"In\u00edcio","item":"https:\/\/mundor.com.br\/blog\/"},{"@type":"ListItem","position":2,"name":"Contact Info"}]},{"@type":"WebSite","@id":"https:\/\/mundor.com.br\/blog\/#website","url":"https:\/\/mundor.com.br\/blog\/","name":"Portal de Not\u00edcias","description":"Um mundo de informa\u00e7\u00f5es para o segmento de alimenta\u00e7\u00e3o","potentialAction":[{"@type":"SearchAction","target":{"@type":"EntryPoint","urlTemplate":"https:\/\/mundor.com.br\/blog\/?s={search_term_string}"},"query-input":"required name=search_term_string"}],"inLanguage":"pt-BR"}]}},"_links":{"self":[{"href":"https:\/\/mundor.com.br\/blog\/wp-json\/wp\/v2\/pages\/5960"}],"collection":[{"href":"https:\/\/mundor.com.br\/blog\/wp-json\/wp\/v2\/pages"}],"about":[{"href":"https:\/\/mundor.com.br\/blog\/wp-json\/wp\/v2\/types\/page"}],"author":[{"embeddable":true,"href":"https:\/\/mundor.com.br\/blog\/wp-json\/wp\/v2\/users\/1"}],"replies":[{"embeddable":true,"href":"https:\/\/mundor.com.br\/blog\/wp-json\/wp\/v2\/comments?post=5960"}],"version-history":[{"count":0,"href":"https:\/\/mundor.com.br\/blog\/wp-json\/wp\/v2\/pages\/5960\/revisions"}],"wp:attachment":[{"href":"https:\/\/mundor.com.br\/blog\/wp-json\/wp\/v2\/media?parent=5960"}],"curies":[{"name":"wp","href":"https:\/\/api.w.org\/{rel}","templated":true}]}}