{"id":5580,"date":"2021-12-10T11:10:52","date_gmt":"2021-12-10T11:10:52","guid":{"rendered":"http:\/\/localhost\/blog\/african-nation-are-strugling-to-save-their-wildlife-14-copy-5\/"},"modified":"2021-12-10T11:34:27","modified_gmt":"2021-12-10T11:34:27","slug":"post-grid-07","status":"publish","type":"page","link":"https:\/\/mundor.com.br\/blog\/post-grid-07\/","title":{"rendered":"Post Grid 07"},"content":{"rendered":"<p>Design M\u00fasica ao vivo em restaurante: Saiba como contratar post_content... Este conte\u00fado \u00e9 apenas para associados Associado. Cadastre-seJ\u00e1 se associou? Acesse aqui 10 de fevereiro de 2022... <\/p>\n<div class=\"pmpro\"><div class=\"pmpro_card pmpro_content_message\"><div class=\"pmpro_card_content\">Este conte\u00fado \u00e9 apenas para associados Associado. <br \/><a href=\"https:\/\/mundor.com.br\/blog\/conta-de-associacao\/niveis-de-associacao\/\">Cadastre-se<\/a><\/div><div class=\"pmpro_card_actions pmpro_font-medium\">J\u00e1 se associou? <a href=\"https:\/\/mundor.com.br\/blog\/login-2\/?redirect_to=https%3A%2F%2Fmundor.com.br%2Fblog%2Fpt-br%2F2022%2F02%2F10%2Fmagcal-fisher-basical-navikea-area-follower-power-to-conjure-6%2F\">Acesse aqui<\/a><\/div><\/div><\/div>","protected":false},"excerpt":{"rendered":"<p>post_content&#8230; Este conte\u00fado \u00e9 apenas para associados Associado. Cadastre-seJ\u00e1 se associou? Acesse aqui... <\/p>\n<div class=\"pmpro\"><div class=\"pmpro_card pmpro_content_message\"><div class=\"pmpro_card_content\">Este conte\u00fado \u00e9 apenas para associados Associado. <br \/><a href=\"https:\/\/mundor.com.br\/blog\/conta-de-associacao\/niveis-de-associacao\/\">Cadastre-se<\/a><\/div><div class=\"pmpro_card_actions pmpro_font-medium\">J\u00e1 se associou? <a href=\"https:\/\/mundor.com.br\/blog\/login-2\/?redirect_to=https%3A%2F%2Fmundor.com.br%2Fblog%2Fpt-br%2F2022%2F02%2F10%2Fmagcal-fisher-basical-navikea-area-follower-power-to-conjure-6%2F\">Acesse aqui<\/a><\/div><\/div><\/div>","protected":false},"author":1,"featured_media":0,"parent":0,"menu_order":0,"comment_status":"closed","ping_status":"closed","template":"elementor_header_footer","meta":{"pmpro_default_level":""},"acf":[],"yoast_head":"<!-- This site is optimized with the Yoast SEO plugin v19.6.1 - https:\/\/yoast.com\/wordpress\/plugins\/seo\/ -->\n<title>Post Grid 07 - Portal de Not\u00edcias<\/title>\n<meta name=\"robots\" content=\"index, follow, max-snippet:-1, max-image-preview:large, max-video-preview:-1\" \/>\n<link rel=\"canonical\" href=\"https:\/\/mundor.com.br\/blog\/post-grid-07\/\" \/>\n<meta property=\"og:locale\" content=\"pt_BR\" \/>\n<meta property=\"og:type\" content=\"article\" \/>\n<meta property=\"og:title\" content=\"Post Grid 07 - Portal de Not\u00edcias\" \/>\n<meta property=\"og:description\" content=\"post_content... Este conte\u00fado \u00e9 apenas para associados Associado. Cadastre-seJ\u00e1 se associou? Acesse aqui\" \/>\n<meta property=\"og:url\" content=\"https:\/\/mundor.com.br\/blog\/post-grid-07\/\" \/>\n<meta property=\"og:site_name\" content=\"Portal de Not\u00edcias\" \/>\n<meta property=\"article:modified_time\" content=\"2021-12-10T11:34:27+00:00\" \/>\n<meta name=\"twitter:card\" content=\"summary_large_image\" \/>\n<script type=\"application\/ld+json\" class=\"yoast-schema-graph\">{\"@context\":\"https:\/\/schema.org\",\"@graph\":[{\"@type\":\"WebPage\",\"@id\":\"https:\/\/mundor.com.br\/blog\/post-grid-07\/\",\"url\":\"https:\/\/mundor.com.br\/blog\/post-grid-07\/\",\"name\":\"Post Grid 07 - Portal de Not\u00edcias\",\"isPartOf\":{\"@id\":\"https:\/\/mundor.com.br\/blog\/#website\"},\"datePublished\":\"2021-12-10T11:10:52+00:00\",\"dateModified\":\"2021-12-10T11:34:27+00:00\",\"breadcrumb\":{\"@id\":\"https:\/\/mundor.com.br\/blog\/post-grid-07\/#breadcrumb\"},\"inLanguage\":\"pt-BR\",\"potentialAction\":[{\"@type\":\"ReadAction\",\"target\":[\"https:\/\/mundor.com.br\/blog\/post-grid-07\/\"]}]},{\"@type\":\"BreadcrumbList\",\"@id\":\"https:\/\/mundor.com.br\/blog\/post-grid-07\/#breadcrumb\",\"itemListElement\":[{\"@type\":\"ListItem\",\"position\":1,\"name\":\"In\u00edcio\",\"item\":\"https:\/\/mundor.com.br\/blog\/\"},{\"@type\":\"ListItem\",\"position\":2,\"name\":\"Post Grid 07\"}]},{\"@type\":\"WebSite\",\"@id\":\"https:\/\/mundor.com.br\/blog\/#website\",\"url\":\"https:\/\/mundor.com.br\/blog\/\",\"name\":\"Portal de Not\u00edcias\",\"description\":\"Um mundo de informa\u00e7\u00f5es para o segmento de alimenta\u00e7\u00e3o\",\"potentialAction\":[{\"@type\":\"SearchAction\",\"target\":{\"@type\":\"EntryPoint\",\"urlTemplate\":\"https:\/\/mundor.com.br\/blog\/?s={search_term_string}\"},\"query-input\":\"required name=search_term_string\"}],\"inLanguage\":\"pt-BR\"}]}<\/script>\n<!-- \/ Yoast SEO plugin. -->","yoast_head_json":{"title":"Post Grid 07 - Portal de Not\u00edcias","robots":{"index":"index","follow":"follow","max-snippet":"max-snippet:-1","max-image-preview":"max-image-preview:large","max-video-preview":"max-video-preview:-1"},"canonical":"https:\/\/mundor.com.br\/blog\/post-grid-07\/","og_locale":"pt_BR","og_type":"article","og_title":"Post Grid 07 - Portal de Not\u00edcias","og_description":"post_content... Este conte\u00fado \u00e9 apenas para associados Associado. Cadastre-seJ\u00e1 se associou? Acesse aqui","og_url":"https:\/\/mundor.com.br\/blog\/post-grid-07\/","og_site_name":"Portal de Not\u00edcias","article_modified_time":"2021-12-10T11:34:27+00:00","twitter_card":"summary_large_image","schema":{"@context":"https:\/\/schema.org","@graph":[{"@type":"WebPage","@id":"https:\/\/mundor.com.br\/blog\/post-grid-07\/","url":"https:\/\/mundor.com.br\/blog\/post-grid-07\/","name":"Post Grid 07 - Portal de Not\u00edcias","isPartOf":{"@id":"https:\/\/mundor.com.br\/blog\/#website"},"datePublished":"2021-12-10T11:10:52+00:00","dateModified":"2021-12-10T11:34:27+00:00","breadcrumb":{"@id":"https:\/\/mundor.com.br\/blog\/post-grid-07\/#breadcrumb"},"inLanguage":"pt-BR","potentialAction":[{"@type":"ReadAction","target":["https:\/\/mundor.com.br\/blog\/post-grid-07\/"]}]},{"@type":"BreadcrumbList","@id":"https:\/\/mundor.com.br\/blog\/post-grid-07\/#breadcrumb","itemListElement":[{"@type":"ListItem","position":1,"name":"In\u00edcio","item":"https:\/\/mundor.com.br\/blog\/"},{"@type":"ListItem","position":2,"name":"Post Grid 07"}]},{"@type":"WebSite","@id":"https:\/\/mundor.com.br\/blog\/#website","url":"https:\/\/mundor.com.br\/blog\/","name":"Portal de Not\u00edcias","description":"Um mundo de informa\u00e7\u00f5es para o segmento de alimenta\u00e7\u00e3o","potentialAction":[{"@type":"SearchAction","target":{"@type":"EntryPoint","urlTemplate":"https:\/\/mundor.com.br\/blog\/?s={search_term_string}"},"query-input":"required name=search_term_string"}],"inLanguage":"pt-BR"}]}},"_links":{"self":[{"href":"https:\/\/mundor.com.br\/blog\/wp-json\/wp\/v2\/pages\/5580"}],"collection":[{"href":"https:\/\/mundor.com.br\/blog\/wp-json\/wp\/v2\/pages"}],"about":[{"href":"https:\/\/mundor.com.br\/blog\/wp-json\/wp\/v2\/types\/page"}],"author":[{"embeddable":true,"href":"https:\/\/mundor.com.br\/blog\/wp-json\/wp\/v2\/users\/1"}],"replies":[{"embeddable":true,"href":"https:\/\/mundor.com.br\/blog\/wp-json\/wp\/v2\/comments?post=5580"}],"version-history":[{"count":0,"href":"https:\/\/mundor.com.br\/blog\/wp-json\/wp\/v2\/pages\/5580\/revisions"}],"wp:attachment":[{"href":"https:\/\/mundor.com.br\/blog\/wp-json\/wp\/v2\/media?parent=5580"}],"curies":[{"name":"wp","href":"https:\/\/api.w.org\/{rel}","templated":true}]}}