{"id":155,"date":"2021-10-06T11:23:26","date_gmt":"2021-10-06T14:23:26","guid":{"rendered":"http:\/\/localhost\/blog\/?page_id=155"},"modified":"2022-12-06T12:44:05","modified_gmt":"2022-12-06T15:44:05","slug":"blog","status":"publish","type":"page","link":"https:\/\/mundor.com.br\/blog\/blog\/","title":{"rendered":"Blog"},"content":{"rendered":"<p><span style=\"vertical-align: inherit;\"><span style=\"vertical-align: inherit;\">Publicar conte\u00fado<\/span><\/span><\/p>\n\n\n<p><\/p>\n","protected":false},"excerpt":{"rendered":"<p>Publicar conte\u00fado<\/p>\n","protected":false},"author":1,"featured_media":0,"parent":0,"menu_order":0,"comment_status":"closed","ping_status":"closed","template":"","meta":{"pmpro_default_level":""},"acf":[],"yoast_head":"<!-- This site is optimized with the Yoast SEO plugin v19.6.1 - https:\/\/yoast.com\/wordpress\/plugins\/seo\/ -->\n<title>Blog - Portal de Not\u00edcias<\/title>\n<meta name=\"robots\" content=\"index, follow, max-snippet:-1, max-image-preview:large, max-video-preview:-1\" \/>\n<link rel=\"canonical\" href=\"https:\/\/mundor.com.br\/blog\/blog\/\" \/>\n<meta property=\"og:locale\" content=\"pt_BR\" \/>\n<meta property=\"og:type\" content=\"article\" \/>\n<meta property=\"og:title\" content=\"Blog - Portal de Not\u00edcias\" \/>\n<meta property=\"og:description\" content=\"Publicar conte\u00fado\" \/>\n<meta property=\"og:url\" content=\"https:\/\/mundor.com.br\/blog\/blog\/\" \/>\n<meta property=\"og:site_name\" content=\"Portal de Not\u00edcias\" \/>\n<meta property=\"article:modified_time\" content=\"2022-12-06T15:44:05+00:00\" \/>\n<meta name=\"twitter:card\" content=\"summary_large_image\" \/>\n<meta name=\"twitter:label1\" content=\"Est. tempo de leitura\" \/>\n\t<meta name=\"twitter:data1\" content=\"1 minuto\" \/>\n<script type=\"application\/ld+json\" class=\"yoast-schema-graph\">{\"@context\":\"https:\/\/schema.org\",\"@graph\":[{\"@type\":\"WebPage\",\"@id\":\"https:\/\/mundor.com.br\/blog\/blog\/\",\"url\":\"https:\/\/mundor.com.br\/blog\/blog\/\",\"name\":\"Blog - Portal de Not\u00edcias\",\"isPartOf\":{\"@id\":\"https:\/\/mundor.com.br\/blog\/#website\"},\"datePublished\":\"2021-10-06T14:23:26+00:00\",\"dateModified\":\"2022-12-06T15:44:05+00:00\",\"breadcrumb\":{\"@id\":\"https:\/\/mundor.com.br\/blog\/blog\/#breadcrumb\"},\"inLanguage\":\"pt-BR\",\"potentialAction\":[{\"@type\":\"ReadAction\",\"target\":[\"https:\/\/mundor.com.br\/blog\/blog\/\"]}]},{\"@type\":\"BreadcrumbList\",\"@id\":\"https:\/\/mundor.com.br\/blog\/blog\/#breadcrumb\",\"itemListElement\":[{\"@type\":\"ListItem\",\"position\":1,\"name\":\"In\u00edcio\",\"item\":\"https:\/\/mundor.com.br\/blog\/\"},{\"@type\":\"ListItem\",\"position\":2,\"name\":\"Blog\"}]},{\"@type\":\"WebSite\",\"@id\":\"https:\/\/mundor.com.br\/blog\/#website\",\"url\":\"https:\/\/mundor.com.br\/blog\/\",\"name\":\"Portal de Not\u00edcias\",\"description\":\"Um mundo de informa\u00e7\u00f5es para o segmento de alimenta\u00e7\u00e3o\",\"potentialAction\":[{\"@type\":\"SearchAction\",\"target\":{\"@type\":\"EntryPoint\",\"urlTemplate\":\"https:\/\/mundor.com.br\/blog\/?s={search_term_string}\"},\"query-input\":\"required name=search_term_string\"}],\"inLanguage\":\"pt-BR\"}]}<\/script>\n<!-- \/ Yoast SEO plugin. -->","yoast_head_json":{"title":"Blog - Portal de Not\u00edcias","robots":{"index":"index","follow":"follow","max-snippet":"max-snippet:-1","max-image-preview":"max-image-preview:large","max-video-preview":"max-video-preview:-1"},"canonical":"https:\/\/mundor.com.br\/blog\/blog\/","og_locale":"pt_BR","og_type":"article","og_title":"Blog - Portal de Not\u00edcias","og_description":"Publicar conte\u00fado","og_url":"https:\/\/mundor.com.br\/blog\/blog\/","og_site_name":"Portal de Not\u00edcias","article_modified_time":"2022-12-06T15:44:05+00:00","twitter_card":"summary_large_image","twitter_misc":{"Est. tempo de leitura":"1 minuto"},"schema":{"@context":"https:\/\/schema.org","@graph":[{"@type":"WebPage","@id":"https:\/\/mundor.com.br\/blog\/blog\/","url":"https:\/\/mundor.com.br\/blog\/blog\/","name":"Blog - Portal de Not\u00edcias","isPartOf":{"@id":"https:\/\/mundor.com.br\/blog\/#website"},"datePublished":"2021-10-06T14:23:26+00:00","dateModified":"2022-12-06T15:44:05+00:00","breadcrumb":{"@id":"https:\/\/mundor.com.br\/blog\/blog\/#breadcrumb"},"inLanguage":"pt-BR","potentialAction":[{"@type":"ReadAction","target":["https:\/\/mundor.com.br\/blog\/blog\/"]}]},{"@type":"BreadcrumbList","@id":"https:\/\/mundor.com.br\/blog\/blog\/#breadcrumb","itemListElement":[{"@type":"ListItem","position":1,"name":"In\u00edcio","item":"https:\/\/mundor.com.br\/blog\/"},{"@type":"ListItem","position":2,"name":"Blog"}]},{"@type":"WebSite","@id":"https:\/\/mundor.com.br\/blog\/#website","url":"https:\/\/mundor.com.br\/blog\/","name":"Portal de Not\u00edcias","description":"Um mundo de informa\u00e7\u00f5es para o segmento de alimenta\u00e7\u00e3o","potentialAction":[{"@type":"SearchAction","target":{"@type":"EntryPoint","urlTemplate":"https:\/\/mundor.com.br\/blog\/?s={search_term_string}"},"query-input":"required name=search_term_string"}],"inLanguage":"pt-BR"}]}},"_links":{"self":[{"href":"https:\/\/mundor.com.br\/blog\/wp-json\/wp\/v2\/pages\/155"}],"collection":[{"href":"https:\/\/mundor.com.br\/blog\/wp-json\/wp\/v2\/pages"}],"about":[{"href":"https:\/\/mundor.com.br\/blog\/wp-json\/wp\/v2\/types\/page"}],"author":[{"embeddable":true,"href":"https:\/\/mundor.com.br\/blog\/wp-json\/wp\/v2\/users\/1"}],"replies":[{"embeddable":true,"href":"https:\/\/mundor.com.br\/blog\/wp-json\/wp\/v2\/comments?post=155"}],"version-history":[{"count":0,"href":"https:\/\/mundor.com.br\/blog\/wp-json\/wp\/v2\/pages\/155\/revisions"}],"wp:attachment":[{"href":"https:\/\/mundor.com.br\/blog\/wp-json\/wp\/v2\/media?parent=155"}],"curies":[{"name":"wp","href":"https:\/\/api.w.org\/{rel}","templated":true}]}}