{"id":153,"date":"2021-10-06T11:21:44","date_gmt":"2021-10-06T11:21:44","guid":{"rendered":"http:\/\/localhost\/blog\/?page_id=153"},"modified":"2022-09-12T17:06:45","modified_gmt":"2022-09-12T20:06:45","slug":"blog-layout-01","status":"publish","type":"page","link":"https:\/\/mundor.com.br\/blog\/blog-layout-01\/","title":{"rendered":"Blog Layout 01"},"content":{"rendered":"\t\t<div data-elementor-type=\"wp-page\" data-elementor-id=\"153\" class=\"elementor elementor-153\">\n\t\t\t\t\t\t\t\t\t<section class=\"elementor-section elementor-top-section elementor-element elementor-element-2b56fc9c elementor-section-boxed elementor-section-height-default elementor-section-height-default rt-parallax-bg-no\" data-id=\"2b56fc9c\" data-element_type=\"section\">\n\t\t\t\t\t\t<div class=\"elementor-container elementor-column-gap-default\">\n\t\t\t\t\t<div class=\"elementor-column elementor-col-100 elementor-top-column elementor-element elementor-element-5ee9c1e6\" data-id=\"5ee9c1e6\" data-element_type=\"column\">\n\t\t\t<div class=\"elementor-widget-wrap elementor-element-populated\">\n\t\t\t\t\t\t\t\t<div class=\"elementor-element elementor-element-39430722 elementor-widget elementor-widget-text-editor\" data-id=\"39430722\" data-element_type=\"widget\" data-widget_type=\"text-editor.default\">\n\t\t\t\t<div class=\"elementor-widget-container\">\n\t\t\t<style>\/*! elementor - v3.11.2 - 22-02-2023 *\/\n.elementor-widget-text-editor.elementor-drop-cap-view-stacked .elementor-drop-cap{background-color:#818a91;color:#fff}.elementor-widget-text-editor.elementor-drop-cap-view-framed .elementor-drop-cap{color:#818a91;border:3px solid;background-color:transparent}.elementor-widget-text-editor:not(.elementor-drop-cap-view-default) .elementor-drop-cap{margin-top:8px}.elementor-widget-text-editor:not(.elementor-drop-cap-view-default) .elementor-drop-cap-letter{width:1em;height:1em}.elementor-widget-text-editor .elementor-drop-cap{float:left;text-align:center;line-height:1;font-size:50px}.elementor-widget-text-editor .elementor-drop-cap-letter{display:inline-block}<\/style>\t\t\t\tpost_content\t\t\t\t\t\t<\/div>\n\t\t\t\t<\/div>\n\t\t\t\t\t<\/div>\n\t\t<\/div>\n\t\t\t\t\t\t\t<\/div>\n\t\t<\/section>\n\t\t\t\t\t\t\t<\/div>\n\t\t","protected":false},"excerpt":{"rendered":"<p>post_content<\/p>\n","protected":false},"author":1,"featured_media":0,"parent":0,"menu_order":0,"comment_status":"closed","ping_status":"closed","template":"page-template\/template-archive-1.php","meta":{"pmpro_default_level":""},"acf":[],"yoast_head":"<!-- This site is optimized with the Yoast SEO plugin v19.6.1 - https:\/\/yoast.com\/wordpress\/plugins\/seo\/ -->\n<title>Blog Layout 01 - Portal de Not\u00edcias<\/title>\n<meta name=\"robots\" content=\"index, follow, max-snippet:-1, max-image-preview:large, max-video-preview:-1\" \/>\n<link rel=\"canonical\" href=\"https:\/\/mundor.com.br\/blog\/blog-layout-01\/\" \/>\n<meta property=\"og:locale\" content=\"pt_BR\" \/>\n<meta property=\"og:type\" content=\"article\" \/>\n<meta property=\"og:title\" content=\"Blog Layout 01 - Portal de Not\u00edcias\" \/>\n<meta property=\"og:description\" content=\"post_content\" \/>\n<meta property=\"og:url\" content=\"https:\/\/mundor.com.br\/blog\/blog-layout-01\/\" \/>\n<meta property=\"og:site_name\" content=\"Portal de Not\u00edcias\" \/>\n<meta property=\"article:modified_time\" content=\"2022-09-12T20:06:45+00:00\" \/>\n<meta name=\"twitter:card\" content=\"summary_large_image\" \/>\n<meta name=\"twitter:label1\" content=\"Est. tempo de leitura\" \/>\n\t<meta name=\"twitter:data1\" content=\"1 minuto\" \/>\n<script type=\"application\/ld+json\" class=\"yoast-schema-graph\">{\"@context\":\"https:\/\/schema.org\",\"@graph\":[{\"@type\":\"WebPage\",\"@id\":\"https:\/\/mundor.com.br\/blog\/blog-layout-01\/\",\"url\":\"https:\/\/mundor.com.br\/blog\/blog-layout-01\/\",\"name\":\"Blog Layout 01 - Portal de Not\u00edcias\",\"isPartOf\":{\"@id\":\"https:\/\/mundor.com.br\/blog\/#website\"},\"datePublished\":\"2021-10-06T11:21:44+00:00\",\"dateModified\":\"2022-09-12T20:06:45+00:00\",\"breadcrumb\":{\"@id\":\"https:\/\/mundor.com.br\/blog\/blog-layout-01\/#breadcrumb\"},\"inLanguage\":\"pt-BR\",\"potentialAction\":[{\"@type\":\"ReadAction\",\"target\":[\"https:\/\/mundor.com.br\/blog\/blog-layout-01\/\"]}]},{\"@type\":\"BreadcrumbList\",\"@id\":\"https:\/\/mundor.com.br\/blog\/blog-layout-01\/#breadcrumb\",\"itemListElement\":[{\"@type\":\"ListItem\",\"position\":1,\"name\":\"In\u00edcio\",\"item\":\"https:\/\/mundor.com.br\/blog\/\"},{\"@type\":\"ListItem\",\"position\":2,\"name\":\"Blog Layout 01\"}]},{\"@type\":\"WebSite\",\"@id\":\"https:\/\/mundor.com.br\/blog\/#website\",\"url\":\"https:\/\/mundor.com.br\/blog\/\",\"name\":\"Portal de Not\u00edcias\",\"description\":\"Um mundo de informa\u00e7\u00f5es para o segmento de alimenta\u00e7\u00e3o\",\"potentialAction\":[{\"@type\":\"SearchAction\",\"target\":{\"@type\":\"EntryPoint\",\"urlTemplate\":\"https:\/\/mundor.com.br\/blog\/?s={search_term_string}\"},\"query-input\":\"required name=search_term_string\"}],\"inLanguage\":\"pt-BR\"}]}<\/script>\n<!-- \/ Yoast SEO plugin. -->","yoast_head_json":{"title":"Blog Layout 01 - Portal de Not\u00edcias","robots":{"index":"index","follow":"follow","max-snippet":"max-snippet:-1","max-image-preview":"max-image-preview:large","max-video-preview":"max-video-preview:-1"},"canonical":"https:\/\/mundor.com.br\/blog\/blog-layout-01\/","og_locale":"pt_BR","og_type":"article","og_title":"Blog Layout 01 - Portal de Not\u00edcias","og_description":"post_content","og_url":"https:\/\/mundor.com.br\/blog\/blog-layout-01\/","og_site_name":"Portal de Not\u00edcias","article_modified_time":"2022-09-12T20:06:45+00:00","twitter_card":"summary_large_image","twitter_misc":{"Est. tempo de leitura":"1 minuto"},"schema":{"@context":"https:\/\/schema.org","@graph":[{"@type":"WebPage","@id":"https:\/\/mundor.com.br\/blog\/blog-layout-01\/","url":"https:\/\/mundor.com.br\/blog\/blog-layout-01\/","name":"Blog Layout 01 - Portal de Not\u00edcias","isPartOf":{"@id":"https:\/\/mundor.com.br\/blog\/#website"},"datePublished":"2021-10-06T11:21:44+00:00","dateModified":"2022-09-12T20:06:45+00:00","breadcrumb":{"@id":"https:\/\/mundor.com.br\/blog\/blog-layout-01\/#breadcrumb"},"inLanguage":"pt-BR","potentialAction":[{"@type":"ReadAction","target":["https:\/\/mundor.com.br\/blog\/blog-layout-01\/"]}]},{"@type":"BreadcrumbList","@id":"https:\/\/mundor.com.br\/blog\/blog-layout-01\/#breadcrumb","itemListElement":[{"@type":"ListItem","position":1,"name":"In\u00edcio","item":"https:\/\/mundor.com.br\/blog\/"},{"@type":"ListItem","position":2,"name":"Blog Layout 01"}]},{"@type":"WebSite","@id":"https:\/\/mundor.com.br\/blog\/#website","url":"https:\/\/mundor.com.br\/blog\/","name":"Portal de Not\u00edcias","description":"Um mundo de informa\u00e7\u00f5es para o segmento de alimenta\u00e7\u00e3o","potentialAction":[{"@type":"SearchAction","target":{"@type":"EntryPoint","urlTemplate":"https:\/\/mundor.com.br\/blog\/?s={search_term_string}"},"query-input":"required name=search_term_string"}],"inLanguage":"pt-BR"}]}},"_links":{"self":[{"href":"https:\/\/mundor.com.br\/blog\/wp-json\/wp\/v2\/pages\/153"}],"collection":[{"href":"https:\/\/mundor.com.br\/blog\/wp-json\/wp\/v2\/pages"}],"about":[{"href":"https:\/\/mundor.com.br\/blog\/wp-json\/wp\/v2\/types\/page"}],"author":[{"embeddable":true,"href":"https:\/\/mundor.com.br\/blog\/wp-json\/wp\/v2\/users\/1"}],"replies":[{"embeddable":true,"href":"https:\/\/mundor.com.br\/blog\/wp-json\/wp\/v2\/comments?post=153"}],"version-history":[{"count":0,"href":"https:\/\/mundor.com.br\/blog\/wp-json\/wp\/v2\/pages\/153\/revisions"}],"wp:attachment":[{"href":"https:\/\/mundor.com.br\/blog\/wp-json\/wp\/v2\/media?parent=153"}],"curies":[{"name":"wp","href":"https:\/\/api.w.org\/{rel}","templated":true}]}}